{"id":11260,"date":"2022-01-06T11:57:04","date_gmt":"2022-01-06T10:57:04","guid":{"rendered":"https:\/\/guest-safety.com\/contacteer-ons\/"},"modified":"2022-02-25T11:06:40","modified_gmt":"2022-02-25T10:06:40","slug":"contacteer-ons","status":"publish","type":"page","link":"https:\/\/guest-safety.com\/nl\/contacteer-ons\/","title":{"rendered":"Contacteer ons"},"content":{"rendered":"<div class=\"wpb-content-wrapper\"><p>[vc_row full_width=&#8221;stretch_row&#8221;][vc_column width=&#8221;1\/3&#8243; el_class=&#8221;bloc-content&#8221;][vc_column_text]<\/p>\n<h3><strong>CONTACTGEGEVENS<\/strong><\/h3>\n<p><strong>SA G.U.E.S.T NV &#8211; Hoofdzetel en bedrijfszetel<\/strong><\/p>\n<p>rue de Chassart 38, BE-1495 Marbais<\/p>\n<p>Tel. : +32 (0)71 880 890<br \/>\nFax : +32 (0)71 874 076<\/p>\n<p>E-mail : <a href=\"mailto:info@guest-safety.com\" target=\"_blank\" rel=\"noopener\">info@guest-safety.com<\/a>[\/vc_column_text][\/vc_column][vc_column width=&#8221;2\/3&#8243;]\n<div class=\"wpcf7 no-js\" id=\"wpcf7-f11290-o1\" lang=\"nl-NL\" dir=\"ltr\" data-wpcf7-id=\"11290\">\n<div class=\"screen-reader-response\"><p role=\"status\" aria-live=\"polite\" aria-atomic=\"true\"><\/p> <ul><\/ul><\/div>\n<form action=\"\/nl\/wp-json\/wp\/v2\/pages\/11260#wpcf7-f11290-o1\" method=\"post\" class=\"wpcf7-form init\" aria-label=\"Contactformulier\" enctype=\"multipart\/form-data\" novalidate=\"novalidate\" data-status=\"init\">\n<fieldset class=\"hidden-fields-container\"><input type=\"hidden\" name=\"_wpcf7\" value=\"11290\" \/><input type=\"hidden\" name=\"_wpcf7_version\" value=\"6.1.4\" \/><input type=\"hidden\" name=\"_wpcf7_locale\" value=\"nl_NL\" \/><input type=\"hidden\" name=\"_wpcf7_unit_tag\" value=\"wpcf7-f11290-o1\" \/><input type=\"hidden\" name=\"_wpcf7_container_post\" value=\"0\" \/><input type=\"hidden\" name=\"_wpcf7_posted_data_hash\" value=\"\" \/><input type=\"hidden\" name=\"_wpcf7dtx_version\" value=\"5.0.4\" \/><input type=\"hidden\" name=\"_wpcf7_recaptcha_response\" value=\"\" \/>\n<\/fieldset>\n<div class=\"vc_col-sm-6\">\n\t<p><label> Onderwerp <span class=\"wpcf7-form-control-wrap\" data-name=\"subject\"><select class=\"wpcf7-form-control wpcf7-select wpcf7-validates-as-required\" aria-required=\"true\" aria-invalid=\"false\" name=\"subject\"><option value=\"Brand- en ontruimingstraining\">Brand- en ontruimingstraining<\/option><option value=\"EHBO-training\">EHBO-training<\/option><option value=\"Training mechanisch hanteren van lasten\">Training mechanisch hanteren van lasten<\/option><option value=\"Ergonomietraining\">Ergonomietraining<\/option><option value=\"Training machinaal rijden op locatie\">Training machinaal rijden op locatie<\/option><option value=\"Training werken op hoogte\">Training werken op hoogte<\/option><option value=\"Training werken in explosiegevaarlijke zones\">Training werken in explosiegevaarlijke zones<\/option><option value=\"Preventietraining\">Preventietraining<\/option><option value=\"Training gevaarlijke producten\">Training gevaarlijke producten<\/option><option value=\"VCA-training\">VCA-training<\/option><option value=\"Training elektrische risico&#039;s\">Training elektrische risico&#039;s<\/option><\/select><\/span><\/label><br \/>\n<label> Bedrijfsnaam <span class=\"wpcf7-form-control-wrap\" data-name=\"company\"><input size=\"40\" maxlength=\"400\" class=\"wpcf7-form-control wpcf7-text wpcf7-validates-as-required\" autocomplete=\"organization\" aria-required=\"true\" aria-invalid=\"false\" value=\"\" type=\"text\" name=\"company\" \/><\/span><\/label><br \/>\n<label> Voornaam contactpersoon <span class=\"wpcf7-form-control-wrap\" data-name=\"your-first-name\"><input size=\"40\" maxlength=\"400\" class=\"wpcf7-form-control wpcf7-text wpcf7-validates-as-required\" autocomplete=\"given-name\" aria-required=\"true\" aria-invalid=\"false\" value=\"\" type=\"text\" name=\"your-first-name\" \/><\/span><\/label><br \/>\n<label> Naam contactpersoon <span class=\"wpcf7-form-control-wrap\" data-name=\"your-name\"><input size=\"40\" maxlength=\"400\" class=\"wpcf7-form-control wpcf7-text wpcf7-validates-as-required\" autocomplete=\"family-name\" aria-required=\"true\" aria-invalid=\"false\" value=\"\" type=\"text\" name=\"your-name\" \/><\/span><\/label><br \/>\n<label> E-mailadres <span class=\"wpcf7-form-control-wrap\" data-name=\"email\"><input size=\"40\" maxlength=\"400\" class=\"wpcf7-form-control wpcf7-email wpcf7-validates-as-required wpcf7-text wpcf7-validates-as-email\" autocomplete=\"email\" aria-required=\"true\" aria-invalid=\"false\" value=\"\" type=\"email\" name=\"email\" \/><\/span><\/label><br \/>\n<label> Telefoonnummer <span class=\"wpcf7-form-control-wrap\" data-name=\"phone\"><input size=\"40\" maxlength=\"400\" class=\"wpcf7-form-control wpcf7-text wpcf7-validates-as-required\" autocomplete=\"tel\" aria-required=\"true\" aria-invalid=\"false\" value=\"\" type=\"text\" name=\"phone\" \/><\/span><\/label><br \/>\n<label> Adres (straat en nummer) <span class=\"wpcf7-form-control-wrap\" data-name=\"address\"><input size=\"40\" maxlength=\"400\" class=\"wpcf7-form-control wpcf7-text\" autocomplete=\"street-address\" aria-invalid=\"false\" value=\"\" type=\"text\" name=\"address\" \/><\/span><\/label><br \/>\n<label> Locatie <span class=\"wpcf7-form-control-wrap\" data-name=\"city\"><input size=\"40\" maxlength=\"400\" class=\"wpcf7-form-control wpcf7-text\" autocomplete=\"address-line3\" aria-invalid=\"false\" value=\"\" type=\"text\" name=\"city\" \/><\/span><\/label><br \/>\n<label> Postcode* <span class=\"wpcf7-form-control-wrap\" data-name=\"zipcode\"><input size=\"40\" maxlength=\"400\" class=\"wpcf7-form-control wpcf7-text wpcf7-validates-as-required\" autocomplete=\"postal-code\" aria-required=\"true\" aria-invalid=\"false\" value=\"\" type=\"text\" name=\"zipcode\" \/><\/span><\/label><br \/>\n<label> Land <span class=\"wpcf7-form-control-wrap\" data-name=\"country\"><input size=\"40\" maxlength=\"400\" class=\"wpcf7-form-control wpcf7-text\" autocomplete=\"country-name\" aria-invalid=\"false\" value=\"\" type=\"text\" name=\"country\" \/><\/span><\/label><br \/>\n<label> BTW\/Bedrijfsnr. <span class=\"wpcf7-form-control-wrap\" data-name=\"VAT\"><input size=\"40\" maxlength=\"400\" class=\"wpcf7-form-control wpcf7-text\" aria-invalid=\"false\" value=\"\" type=\"text\" name=\"VAT\" \/><\/span><\/label>\n\t<\/p>\n<\/div>\n<div class=\"vc_col-sm-6\">\n\t<p><label> Uw bericht <span class=\"wpcf7-form-control-wrap\" data-name=\"message\"><textarea cols=\"40\" rows=\"10\" maxlength=\"2000\" class=\"wpcf7-form-control wpcf7-textarea\" aria-invalid=\"false\" name=\"message\"><\/textarea><\/span> <\/label><br \/>\n<label> Een bestand bijvoegen <span class=\"wpcf7-form-control-wrap\" data-name=\"filetoadd\"><input size=\"40\" class=\"wpcf7-form-control wpcf7-file\" accept=\"image\/*,.pdf,.txt\" aria-invalid=\"false\" type=\"file\" name=\"filetoadd\" \/><\/span><\/label><br \/>\n<label> <span class=\"wpcf7-form-control-wrap\" data-name=\"acceptRGPD\"><span class=\"wpcf7-form-control wpcf7-acceptance\"><span class=\"wpcf7-list-item\"><label><input type=\"checkbox\" name=\"acceptRGPD\" value=\"1\" aria-invalid=\"false\" \/><span class=\"wpcf7-list-item-label\">Door dit vakje aan te vinken, ga ik akkoord met de opslag en verwerking van mijn gegevens in overeenstemming met de Algemene Verordening Gegevensbescherming (AVG). Raadpleeg ons privacybeleid voor meer informatie.<\/span><\/label><\/span><\/span><\/span><\/label>\n\t<\/p>\n\t<p><input class=\"wpcf7-form-control wpcf7-submit has-spinner\" type=\"submit\" value=\"Verzenden\" \/>\n\t<\/p>\n<\/div><div class=\"wpcf7-response-output\" aria-hidden=\"true\"><\/div>\n<\/form>\n<\/div>\n[\/vc_column][\/vc_row][vc_row][vc_column][vc_raw_html]PGlmcmFtZSBzcmM9Imh0dHBzOi8vd3d3Lmdvb2dsZS5jb20vbWFwcy9lbWJlZD9wYj0hMW0xNCExbTghMW0zITFkMzI0NjU3LjAwNDE1Njk5OTkhMmQ0LjUxNzk4MSEzZDUwLjUyNzA0OSEzbTIhMWkxMDI0ITJpNzY4ITRmMTMuMSEzbTMhMW0yITFzMHg0N2MyMmEzNzBiOTBhMDMzJTNBMHhjNzU0NmU3OWIxMWJhZWU1ITJzUnVlJTIwZGUlMjBDaGFzc2FydCUyMDM4JTJDJTIwNjIyMyUyMFZpbGxlcnMtbGEtVmlsbGUlMkMlMjBCZWxnaXF1ZSE1ZTAhM20yITFzZnIhMnN1cyE0djE2MzA0OTUyNzg3NjAhNW0yITFzZnIhMnN1cyIgd2lkdGg9IjEwMCUiIGhlaWdodD0iNDUwIiBzdHlsZT0iYm9yZGVyOjA7IiBhbGxvd2Z1bGxzY3JlZW49IiIgbG9hZGluZz0ibGF6eSI+PC9pZnJhbWU+[\/vc_raw_html][\/vc_column][\/vc_row]<\/p>\n<\/div>","protected":false},"excerpt":{"rendered":"<p>[vc_row full_width=&#8221;stretch_row&#8221;][vc_column width=&#8221;1\/3&#8243; el_class=&#8221;bloc-content&#8221;][vc_column_text] CONTACTGEGEVENS SA G.U.E.S.T NV &#8211; Hoofdzetel en bedrijfszetel rue de Chassart 38, BE-1495 Marbais Tel. : +32 (0)71 880 890 Fax : +32 (0)71 874 076 E-mail : info@guest-safety.com[\/vc_column_text][\/vc_column][vc_column width=&#8221;2\/3&#8243;][\/vc_column][\/vc_row][vc_row][vc_column][vc_raw_html]PGlmcmFtZSBzcmM9Imh0dHBzOi8vd3d3Lmdvb2dsZS5jb20vbWFwcy9lbWJlZD9wYj0hMW0xNCExbTghMW0zITFkMzI0NjU3LjAwNDE1Njk5OTkhMmQ0LjUxNzk4MSEzZDUwLjUyNzA0OSEzbTIhMWkxMDI0ITJpNzY4ITRmMTMuMSEzbTMhMW0yITFzMHg0N2MyMmEzNzBiOTBhMDMzJTNBMHhjNzU0NmU3OWIxMWJhZWU1ITJzUnVlJTIwZGUlMjBDaGFzc2FydCUyMDM4JTJDJTIwNjIyMyUyMFZpbGxlcnMtbGEtVmlsbGUlMkMlMjBCZWxnaXF1ZSE1ZTAhM20yITFzZnIhMnN1cyE0djE2MzA0OTUyNzg3NjAhNW0yITFzZnIhMnN1cyIgd2lkdGg9IjEwMCUiIGhlaWdodD0iNDUwIiBzdHlsZT0iYm9yZGVyOjA7IiBhbGxvd2Z1bGxzY3JlZW49IiIgbG9hZGluZz0ibGF6eSI+PC9pZnJhbWU+[\/vc_raw_html][\/vc_column][\/vc_row]<\/p>\n","protected":false},"author":4,"featured_media":0,"parent":0,"menu_order":0,"comment_status":"closed","ping_status":"closed","template":"","meta":{"_uag_custom_page_level_css":"","site-sidebar-layout":"no-sidebar","site-content-layout":"plain-container","ast-site-content-layout":"default","site-content-style":"default","site-sidebar-style":"default","ast-global-header-display":"","ast-banner-title-visibility":"","ast-main-header-display":"","ast-hfb-above-header-display":"","ast-hfb-below-header-display":"","ast-hfb-mobile-header-display":"","site-post-title":"disabled","ast-breadcrumbs-content":"","ast-featured-img":"disabled","footer-sml-layout":"","ast-disable-related-posts":"","theme-transparent-header-meta":"default","adv-header-id-meta":"","stick-header-meta":"default","header-above-stick-meta":"","header-main-stick-meta":"","header-below-stick-meta":"","astra-migrate-meta-layouts":"default","ast-page-background-enabled":"default","ast-page-background-meta":{"desktop":{"background-color":"","background-image":"","background-repeat":"repeat","background-position":"center center","background-size":"auto","background-attachment":"scroll","background-type":"","background-media":"","overlay-type":"","overlay-color":"","overlay-opacity":"","overlay-gradient":""},"tablet":{"background-color":"","background-image":"","background-repeat":"repeat","background-position":"center center","background-size":"auto","background-attachment":"scroll","background-type":"","background-media":"","overlay-type":"","overlay-color":"","overlay-opacity":"","overlay-gradient":""},"mobile":{"background-color":"","background-image":"","background-repeat":"repeat","background-position":"center center","background-size":"auto","background-attachment":"scroll","background-type":"","background-media":"","overlay-type":"","overlay-color":"","overlay-opacity":"","overlay-gradient":""}},"ast-content-background-meta":{"desktop":{"background-color":"var(--ast-global-color-5)","background-image":"","background-repeat":"repeat","background-position":"center center","background-size":"auto","background-attachment":"scroll","background-type":"","background-media":"","overlay-type":"","overlay-color":"","overlay-opacity":"","overlay-gradient":""},"tablet":{"background-color":"var(--ast-global-color-5)","background-image":"","background-repeat":"repeat","background-position":"center center","background-size":"auto","background-attachment":"scroll","background-type":"","background-media":"","overlay-type":"","overlay-color":"","overlay-opacity":"","overlay-gradient":""},"mobile":{"background-color":"var(--ast-global-color-5)","background-image":"","background-repeat":"repeat","background-position":"center center","background-size":"auto","background-attachment":"scroll","background-type":"","background-media":"","overlay-type":"","overlay-color":"","overlay-opacity":"","overlay-gradient":""}},"footnotes":""},"categories":[],"class_list":["post-11260","page","type-page","status-publish","hentry"],"yoast_head":"<!-- This site is optimized with the Yoast SEO plugin v26.8 - https:\/\/yoast.com\/product\/yoast-seo-wordpress\/ -->\n<title>Contacteer ons - Guest Safety<\/title>\n<meta name=\"robots\" content=\"index, follow, max-snippet:-1, max-image-preview:large, max-video-preview:-1\" \/>\n<link rel=\"canonical\" href=\"https:\/\/guest-safety.com\/nl\/contacteer-ons\/\" \/>\n<meta property=\"og:locale\" content=\"nl_NL\" \/>\n<meta property=\"og:type\" content=\"article\" \/>\n<meta property=\"og:title\" content=\"Contacteer ons - Guest Safety\" \/>\n<meta property=\"og:description\" content=\"[vc_row full_width=&#8221;stretch_row&#8221;][vc_column width=&#8221;1\/3&#8243; el_class=&#8221;bloc-content&#8221;][vc_column_text] CONTACTGEGEVENS SA G.U.E.S.T NV &#8211; Hoofdzetel en bedrijfszetel rue de Chassart 38, BE-1495 Marbais Tel. : +32 (0)71 880 890 Fax : +32 (0)71 874 076 E-mail : info@guest-safety.com[\/vc_column_text][\/vc_column][vc_column width=&#8221;2\/3&#8243;][\/vc_column][\/vc_row][vc_row][vc_column][vc_raw_html]PGlmcmFtZSBzcmM9Imh0dHBzOi8vd3d3Lmdvb2dsZS5jb20vbWFwcy9lbWJlZD9wYj0hMW0xNCExbTghMW0zITFkMzI0NjU3LjAwNDE1Njk5OTkhMmQ0LjUxNzk4MSEzZDUwLjUyNzA0OSEzbTIhMWkxMDI0ITJpNzY4ITRmMTMuMSEzbTMhMW0yITFzMHg0N2MyMmEzNzBiOTBhMDMzJTNBMHhjNzU0NmU3OWIxMWJhZWU1ITJzUnVlJTIwZGUlMjBDaGFzc2FydCUyMDM4JTJDJTIwNjIyMyUyMFZpbGxlcnMtbGEtVmlsbGUlMkMlMjBCZWxnaXF1ZSE1ZTAhM20yITFzZnIhMnN1cyE0djE2MzA0OTUyNzg3NjAhNW0yITFzZnIhMnN1cyIgd2lkdGg9IjEwMCUiIGhlaWdodD0iNDUwIiBzdHlsZT0iYm9yZGVyOjA7IiBhbGxvd2Z1bGxzY3JlZW49IiIgbG9hZGluZz0ibGF6eSI+PC9pZnJhbWU+[\/vc_raw_html][\/vc_column][\/vc_row]\" \/>\n<meta property=\"og:url\" content=\"https:\/\/guest-safety.com\/nl\/contacteer-ons\/\" \/>\n<meta property=\"og:site_name\" content=\"Guest Safety\" \/>\n<meta property=\"article:modified_time\" content=\"2022-02-25T10:06:40+00:00\" \/>\n<meta name=\"twitter:card\" content=\"summary_large_image\" \/>\n<meta name=\"twitter:label1\" content=\"Geschatte leestijd\" \/>\n\t<meta name=\"twitter:data1\" content=\"1 minuut\" \/>\n<script type=\"application\/ld+json\" class=\"yoast-schema-graph\">{\"@context\":\"https:\/\/schema.org\",\"@graph\":[{\"@type\":\"WebPage\",\"@id\":\"https:\/\/guest-safety.com\/nl\/contacteer-ons\/\",\"url\":\"https:\/\/guest-safety.com\/nl\/contacteer-ons\/\",\"name\":\"Contacteer ons - Guest Safety\",\"isPartOf\":{\"@id\":\"https:\/\/guest-safety.com\/nl\/#website\"},\"datePublished\":\"2022-01-06T10:57:04+00:00\",\"dateModified\":\"2022-02-25T10:06:40+00:00\",\"breadcrumb\":{\"@id\":\"https:\/\/guest-safety.com\/nl\/contacteer-ons\/#breadcrumb\"},\"inLanguage\":\"nl-NL\",\"potentialAction\":[{\"@type\":\"ReadAction\",\"target\":[\"https:\/\/guest-safety.com\/nl\/contacteer-ons\/\"]}]},{\"@type\":\"BreadcrumbList\",\"@id\":\"https:\/\/guest-safety.com\/nl\/contacteer-ons\/#breadcrumb\",\"itemListElement\":[{\"@type\":\"ListItem\",\"position\":1,\"name\":\"Home\",\"item\":\"https:\/\/guest-safety.com\/nl\/\"},{\"@type\":\"ListItem\",\"position\":2,\"name\":\"Contacteer ons\"}]},{\"@type\":\"WebSite\",\"@id\":\"https:\/\/guest-safety.com\/nl\/#website\",\"url\":\"https:\/\/guest-safety.com\/nl\/\",\"name\":\"Guest Safety\",\"description\":\"Centre de formation en pr\u00e9vention et s\u00e9curit\u00e9 au travail\",\"publisher\":{\"@id\":\"https:\/\/guest-safety.com\/nl\/#organization\"},\"potentialAction\":[{\"@type\":\"SearchAction\",\"target\":{\"@type\":\"EntryPoint\",\"urlTemplate\":\"https:\/\/guest-safety.com\/nl\/?s={search_term_string}\"},\"query-input\":{\"@type\":\"PropertyValueSpecification\",\"valueRequired\":true,\"valueName\":\"search_term_string\"}}],\"inLanguage\":\"nl-NL\"},{\"@type\":\"Organization\",\"@id\":\"https:\/\/guest-safety.com\/nl\/#organization\",\"name\":\"Guest Safety\",\"url\":\"https:\/\/guest-safety.com\/nl\/\",\"logo\":{\"@type\":\"ImageObject\",\"inLanguage\":\"nl-NL\",\"@id\":\"https:\/\/guest-safety.com\/nl\/#\/schema\/logo\/image\/\",\"url\":\"https:\/\/guest-safety.com\/wp-content\/uploads\/2021\/02\/cropped-logo-guest-safety-1.png\",\"contentUrl\":\"https:\/\/guest-safety.com\/wp-content\/uploads\/2021\/02\/cropped-logo-guest-safety-1.png\",\"width\":494,\"height\":176,\"caption\":\"Guest Safety\"},\"image\":{\"@id\":\"https:\/\/guest-safety.com\/nl\/#\/schema\/logo\/image\/\"}}]}<\/script>\n<!-- \/ Yoast SEO plugin. -->","yoast_head_json":{"title":"Contacteer ons - Guest Safety","robots":{"index":"index","follow":"follow","max-snippet":"max-snippet:-1","max-image-preview":"max-image-preview:large","max-video-preview":"max-video-preview:-1"},"canonical":"https:\/\/guest-safety.com\/nl\/contacteer-ons\/","og_locale":"nl_NL","og_type":"article","og_title":"Contacteer ons - Guest Safety","og_description":"[vc_row full_width=&#8221;stretch_row&#8221;][vc_column width=&#8221;1\/3&#8243; el_class=&#8221;bloc-content&#8221;][vc_column_text] CONTACTGEGEVENS SA G.U.E.S.T NV &#8211; Hoofdzetel en bedrijfszetel rue de Chassart 38, BE-1495 Marbais Tel. : +32 (0)71 880 890 Fax : +32 (0)71 874 076 E-mail : info@guest-safety.com[\/vc_column_text][\/vc_column][vc_column width=&#8221;2\/3&#8243;][\/vc_column][\/vc_row][vc_row][vc_column][vc_raw_html]PGlmcmFtZSBzcmM9Imh0dHBzOi8vd3d3Lmdvb2dsZS5jb20vbWFwcy9lbWJlZD9wYj0hMW0xNCExbTghMW0zITFkMzI0NjU3LjAwNDE1Njk5OTkhMmQ0LjUxNzk4MSEzZDUwLjUyNzA0OSEzbTIhMWkxMDI0ITJpNzY4ITRmMTMuMSEzbTMhMW0yITFzMHg0N2MyMmEzNzBiOTBhMDMzJTNBMHhjNzU0NmU3OWIxMWJhZWU1ITJzUnVlJTIwZGUlMjBDaGFzc2FydCUyMDM4JTJDJTIwNjIyMyUyMFZpbGxlcnMtbGEtVmlsbGUlMkMlMjBCZWxnaXF1ZSE1ZTAhM20yITFzZnIhMnN1cyE0djE2MzA0OTUyNzg3NjAhNW0yITFzZnIhMnN1cyIgd2lkdGg9IjEwMCUiIGhlaWdodD0iNDUwIiBzdHlsZT0iYm9yZGVyOjA7IiBhbGxvd2Z1bGxzY3JlZW49IiIgbG9hZGluZz0ibGF6eSI+PC9pZnJhbWU+[\/vc_raw_html][\/vc_column][\/vc_row]","og_url":"https:\/\/guest-safety.com\/nl\/contacteer-ons\/","og_site_name":"Guest Safety","article_modified_time":"2022-02-25T10:06:40+00:00","twitter_card":"summary_large_image","twitter_misc":{"Geschatte leestijd":"1 minuut"},"schema":{"@context":"https:\/\/schema.org","@graph":[{"@type":"WebPage","@id":"https:\/\/guest-safety.com\/nl\/contacteer-ons\/","url":"https:\/\/guest-safety.com\/nl\/contacteer-ons\/","name":"Contacteer ons - Guest Safety","isPartOf":{"@id":"https:\/\/guest-safety.com\/nl\/#website"},"datePublished":"2022-01-06T10:57:04+00:00","dateModified":"2022-02-25T10:06:40+00:00","breadcrumb":{"@id":"https:\/\/guest-safety.com\/nl\/contacteer-ons\/#breadcrumb"},"inLanguage":"nl-NL","potentialAction":[{"@type":"ReadAction","target":["https:\/\/guest-safety.com\/nl\/contacteer-ons\/"]}]},{"@type":"BreadcrumbList","@id":"https:\/\/guest-safety.com\/nl\/contacteer-ons\/#breadcrumb","itemListElement":[{"@type":"ListItem","position":1,"name":"Home","item":"https:\/\/guest-safety.com\/nl\/"},{"@type":"ListItem","position":2,"name":"Contacteer ons"}]},{"@type":"WebSite","@id":"https:\/\/guest-safety.com\/nl\/#website","url":"https:\/\/guest-safety.com\/nl\/","name":"Guest Safety","description":"Centre de formation en pr\u00e9vention et s\u00e9curit\u00e9 au travail","publisher":{"@id":"https:\/\/guest-safety.com\/nl\/#organization"},"potentialAction":[{"@type":"SearchAction","target":{"@type":"EntryPoint","urlTemplate":"https:\/\/guest-safety.com\/nl\/?s={search_term_string}"},"query-input":{"@type":"PropertyValueSpecification","valueRequired":true,"valueName":"search_term_string"}}],"inLanguage":"nl-NL"},{"@type":"Organization","@id":"https:\/\/guest-safety.com\/nl\/#organization","name":"Guest Safety","url":"https:\/\/guest-safety.com\/nl\/","logo":{"@type":"ImageObject","inLanguage":"nl-NL","@id":"https:\/\/guest-safety.com\/nl\/#\/schema\/logo\/image\/","url":"https:\/\/guest-safety.com\/wp-content\/uploads\/2021\/02\/cropped-logo-guest-safety-1.png","contentUrl":"https:\/\/guest-safety.com\/wp-content\/uploads\/2021\/02\/cropped-logo-guest-safety-1.png","width":494,"height":176,"caption":"Guest Safety"},"image":{"@id":"https:\/\/guest-safety.com\/nl\/#\/schema\/logo\/image\/"}}]}},"uagb_featured_image_src":{"full":false,"thumbnail":false,"medium":false,"medium_large":false,"large":false,"1536x1536":false,"2048x2048":false},"uagb_author_info":{"display_name":"Christophe Huget","author_link":"https:\/\/guest-safety.com\/nl\/author\/big-moustache\/"},"uagb_comment_info":0,"uagb_excerpt":"[vc_row full_width=&#8221;stretch_row&#8221;][vc_column width=&#8221;1\/3&#8243; el_class=&#8221;bloc-content&#8221;][vc_column_text] CONTACTGEGEVENS SA G.U.E.S.T NV &#8211; Hoofdzetel en bedrijfszetel rue de Chassart 38, BE-1495 Marbais Tel. : +32 (0)71 880 890 Fax : +32 (0)71 874 076 E-mail : info@guest-safety.com[\/vc_column_text][\/vc_column][vc_column width=&#8221;2\/3&#8243;][\/vc_column][\/vc_row][vc_row][vc_column][vc_raw_html]PGlmcmFtZSBzcmM9Imh0dHBzOi8vd3d3Lmdvb2dsZS5jb20vbWFwcy9lbWJlZD9wYj0hMW0xNCExbTghMW0zITFkMzI0NjU3LjAwNDE1Njk5OTkhMmQ0LjUxNzk4MSEzZDUwLjUyNzA0OSEzbTIhMWkxMDI0ITJpNzY4ITRmMTMuMSEzbTMhMW0yITFzMHg0N2MyMmEzNzBiOTBhMDMzJTNBMHhjNzU0NmU3OWIxMWJhZWU1ITJzUnVlJTIwZGUlMjBDaGFzc2FydCUyMDM4JTJDJTIwNjIyMyUyMFZpbGxlcnMtbGEtVmlsbGUlMkMlMjBCZWxnaXF1ZSE1ZTAhM20yITFzZnIhMnN1cyE0djE2MzA0OTUyNzg3NjAhNW0yITFzZnIhMnN1cyIgd2lkdGg9IjEwMCUiIGhlaWdodD0iNDUwIiBzdHlsZT0iYm9yZGVyOjA7IiBhbGxvd2Z1bGxzY3JlZW49IiIgbG9hZGluZz0ibGF6eSI+PC9pZnJhbWU+[\/vc_raw_html][\/vc_column][\/vc_row]","_links":{"self":[{"href":"https:\/\/guest-safety.com\/nl\/wp-json\/wp\/v2\/pages\/11260","targetHints":{"allow":["GET"]}}],"collection":[{"href":"https:\/\/guest-safety.com\/nl\/wp-json\/wp\/v2\/pages"}],"about":[{"href":"https:\/\/guest-safety.com\/nl\/wp-json\/wp\/v2\/types\/page"}],"author":[{"embeddable":true,"href":"https:\/\/guest-safety.com\/nl\/wp-json\/wp\/v2\/users\/4"}],"replies":[{"embeddable":true,"href":"https:\/\/guest-safety.com\/nl\/wp-json\/wp\/v2\/comments?post=11260"}],"version-history":[{"count":4,"href":"https:\/\/guest-safety.com\/nl\/wp-json\/wp\/v2\/pages\/11260\/revisions"}],"predecessor-version":[{"id":11990,"href":"https:\/\/guest-safety.com\/nl\/wp-json\/wp\/v2\/pages\/11260\/revisions\/11990"}],"wp:attachment":[{"href":"https:\/\/guest-safety.com\/nl\/wp-json\/wp\/v2\/media?parent=11260"}],"wp:term":[{"taxonomy":"category","embeddable":true,"href":"https:\/\/guest-safety.com\/nl\/wp-json\/wp\/v2\/categories?post=11260"}],"curies":[{"name":"wp","href":"https:\/\/api.w.org\/{rel}","templated":true}]}}