{"id":11314,"date":"2022-01-06T12:41:32","date_gmt":"2022-01-06T11:41:32","guid":{"rendered":"https:\/\/guest-safety.com\/andere-diensten\/safety-day\/"},"modified":"2022-01-06T12:41:33","modified_gmt":"2022-01-06T11:41:33","slug":"safety-day","status":"publish","type":"page","link":"https:\/\/guest-safety.com\/nl\/andere-diensten\/safety-day\/","title":{"rendered":"Safety Day"},"content":{"rendered":"<div class=\"wpb-content-wrapper\"><p>[vc_row equal_height=&#8221;yes&#8221; el_class=&#8221;bloc-content&#8221; css=&#8221;.vc_custom_1632471383273{background-position: center !important;background-repeat: no-repeat !important;background-size: cover !important;}&#8221;][vc_column width=&#8221;1\/2&#8243;][vc_column_text]<\/p>\n<h2><strong>Wat zijn \u00ab Safety Day \u00bb ? <\/strong><\/h2>\n<p><strong><br \/>\n<\/strong>Workshops zonder lange theorie\u00ebn, alleen praktische situaties. Elke deelnemer zal de ganse dag een acteur zijn.<\/p>\n<p>De workshops van de Safety Day dragen bij tot de bewustmaking of instandhouding van risicovolle gewoonten en tot een meetbare verbetering van het gedrag op korte en middellange termijn. Het doel is om onvergetelijke maar leuke ervaringen te bieden. Op een plezante manier bijleren. Al onze workshops hebben tot doel een impact bij de mensen teweeg te brengen, zodat zij hun gedrag aanpassen.[\/vc_column_text][vc_cta h2=&#8221;Wilt u meer weten over de workshops \u201cSafety Day\u201d ?&#8221; txt_align=&#8221;center&#8221; shape=&#8221;square&#8221; add_button=&#8221;bottom&#8221; btn_title=&#8221;Contacteer ons&#8221; btn_style=&#8221;outline&#8221; btn_align=&#8221;center&#8221; btn_link=&#8221;url:https%3A%2F%2Fguest-safety.com%2Fnl%2Fcontacteer-ons%2F|title:Contacteer%20ons|&#8221; el_class=&#8221;call-orange&#8221;][\/vc_cta][\/vc_column][vc_column width=&#8221;1\/2&#8243;][vc_single_image image=&#8221;11315&#8243; img_size=&#8221;full&#8221; el_class=&#8221;bt-rouge&#8221;][\/vc_column][vc_column][\/vc_column][\/vc_row]<\/p>\n<\/div>","protected":false},"excerpt":{"rendered":"<p>[vc_row equal_height=&#8221;yes&#8221; el_class=&#8221;bloc-content&#8221; css=&#8221;.vc_custom_1632471383273{background-position: center !important;background-repeat: no-repeat !important;background-size: cover !important;}&#8221;][vc_column width=&#8221;1\/2&#8243;][vc_column_text] Wat zijn \u00ab Safety Day \u00bb ? Workshops zonder lange theorie\u00ebn, alleen praktische situaties. Elke deelnemer zal de ganse dag een acteur zijn. De workshops van de Safety Day dragen bij tot de bewustmaking of instandhouding van risicovolle gewoonten en tot een meetbare verbetering [&hellip;]<\/p>\n","protected":false},"author":4,"featured_media":0,"parent":11310,"menu_order":0,"comment_status":"closed","ping_status":"closed","template":"","meta":{"_uag_custom_page_level_css":"","site-sidebar-layout":"left-sidebar","site-content-layout":"plain-container","ast-site-content-layout":"default","site-content-style":"default","site-sidebar-style":"default","ast-global-header-display":"","ast-banner-title-visibility":"","ast-main-header-display":"","ast-hfb-above-header-display":"","ast-hfb-below-header-display":"","ast-hfb-mobile-header-display":"","site-post-title":"disabled","ast-breadcrumbs-content":"","ast-featured-img":"disabled","footer-sml-layout":"","ast-disable-related-posts":"","theme-transparent-header-meta":"default","adv-header-id-meta":"","stick-header-meta":"default","header-above-stick-meta":"","header-main-stick-meta":"","header-below-stick-meta":"","astra-migrate-meta-layouts":"default","ast-page-background-enabled":"default","ast-page-background-meta":{"desktop":{"background-color":"","background-image":"","background-repeat":"repeat","background-position":"center center","background-size":"auto","background-attachment":"scroll","background-type":"","background-media":"","overlay-type":"","overlay-color":"","overlay-opacity":"","overlay-gradient":""},"tablet":{"background-color":"","background-image":"","background-repeat":"repeat","background-position":"center center","background-size":"auto","background-attachment":"scroll","background-type":"","background-media":"","overlay-type":"","overlay-color":"","overlay-opacity":"","overlay-gradient":""},"mobile":{"background-color":"","background-image":"","background-repeat":"repeat","background-position":"center center","background-size":"auto","background-attachment":"scroll","background-type":"","background-media":"","overlay-type":"","overlay-color":"","overlay-opacity":"","overlay-gradient":""}},"ast-content-background-meta":{"desktop":{"background-color":"var(--ast-global-color-5)","background-image":"","background-repeat":"repeat","background-position":"center center","background-size":"auto","background-attachment":"scroll","background-type":"","background-media":"","overlay-type":"","overlay-color":"","overlay-opacity":"","overlay-gradient":""},"tablet":{"background-color":"var(--ast-global-color-5)","background-image":"","background-repeat":"repeat","background-position":"center center","background-size":"auto","background-attachment":"scroll","background-type":"","background-media":"","overlay-type":"","overlay-color":"","overlay-opacity":"","overlay-gradient":""},"mobile":{"background-color":"var(--ast-global-color-5)","background-image":"","background-repeat":"repeat","background-position":"center center","background-size":"auto","background-attachment":"scroll","background-type":"","background-media":"","overlay-type":"","overlay-color":"","overlay-opacity":"","overlay-gradient":""}},"footnotes":""},"categories":[],"class_list":["post-11314","page","type-page","status-publish","hentry"],"yoast_head":"<!-- This site is optimized with the Yoast SEO plugin v26.8 - https:\/\/yoast.com\/product\/yoast-seo-wordpress\/ -->\n<title>Safety Day - Guest Safety<\/title>\n<meta name=\"robots\" content=\"index, follow, max-snippet:-1, max-image-preview:large, max-video-preview:-1\" \/>\n<link rel=\"canonical\" href=\"https:\/\/guest-safety.com\/nl\/andere-diensten\/safety-day\/\" \/>\n<meta property=\"og:locale\" content=\"nl_NL\" \/>\n<meta property=\"og:type\" content=\"article\" \/>\n<meta property=\"og:title\" content=\"Safety Day - Guest Safety\" \/>\n<meta property=\"og:description\" content=\"[vc_row equal_height=&#8221;yes&#8221; el_class=&#8221;bloc-content&#8221; css=&#8221;.vc_custom_1632471383273{background-position: center !important;background-repeat: no-repeat !important;background-size: cover !important;}&#8221;][vc_column width=&#8221;1\/2&#8243;][vc_column_text] Wat zijn \u00ab Safety Day \u00bb ? Workshops zonder lange theorie\u00ebn, alleen praktische situaties. Elke deelnemer zal de ganse dag een acteur zijn. De workshops van de Safety Day dragen bij tot de bewustmaking of instandhouding van risicovolle gewoonten en tot een meetbare verbetering [&hellip;]\" \/>\n<meta property=\"og:url\" content=\"https:\/\/guest-safety.com\/nl\/andere-diensten\/safety-day\/\" \/>\n<meta property=\"og:site_name\" content=\"Guest Safety\" \/>\n<meta property=\"article:modified_time\" content=\"2022-01-06T11:41:33+00:00\" \/>\n<meta name=\"twitter:card\" content=\"summary_large_image\" \/>\n<meta name=\"twitter:label1\" content=\"Geschatte leestijd\" \/>\n\t<meta name=\"twitter:data1\" content=\"1 minuut\" \/>\n<script type=\"application\/ld+json\" class=\"yoast-schema-graph\">{\"@context\":\"https:\/\/schema.org\",\"@graph\":[{\"@type\":\"WebPage\",\"@id\":\"https:\/\/guest-safety.com\/nl\/andere-diensten\/safety-day\/\",\"url\":\"https:\/\/guest-safety.com\/nl\/andere-diensten\/safety-day\/\",\"name\":\"Safety Day - Guest Safety\",\"isPartOf\":{\"@id\":\"https:\/\/guest-safety.com\/nl\/#website\"},\"datePublished\":\"2022-01-06T11:41:32+00:00\",\"dateModified\":\"2022-01-06T11:41:33+00:00\",\"breadcrumb\":{\"@id\":\"https:\/\/guest-safety.com\/nl\/andere-diensten\/safety-day\/#breadcrumb\"},\"inLanguage\":\"nl-NL\",\"potentialAction\":[{\"@type\":\"ReadAction\",\"target\":[\"https:\/\/guest-safety.com\/nl\/andere-diensten\/safety-day\/\"]}]},{\"@type\":\"BreadcrumbList\",\"@id\":\"https:\/\/guest-safety.com\/nl\/andere-diensten\/safety-day\/#breadcrumb\",\"itemListElement\":[{\"@type\":\"ListItem\",\"position\":1,\"name\":\"Home\",\"item\":\"https:\/\/guest-safety.com\/nl\/\"},{\"@type\":\"ListItem\",\"position\":2,\"name\":\"Andere diensten\",\"item\":\"https:\/\/guest-safety.com\/nl\/andere-diensten\/\"},{\"@type\":\"ListItem\",\"position\":3,\"name\":\"Safety Day\"}]},{\"@type\":\"WebSite\",\"@id\":\"https:\/\/guest-safety.com\/nl\/#website\",\"url\":\"https:\/\/guest-safety.com\/nl\/\",\"name\":\"Guest Safety\",\"description\":\"Centre de formation en pr\u00e9vention et s\u00e9curit\u00e9 au travail\",\"publisher\":{\"@id\":\"https:\/\/guest-safety.com\/nl\/#organization\"},\"potentialAction\":[{\"@type\":\"SearchAction\",\"target\":{\"@type\":\"EntryPoint\",\"urlTemplate\":\"https:\/\/guest-safety.com\/nl\/?s={search_term_string}\"},\"query-input\":{\"@type\":\"PropertyValueSpecification\",\"valueRequired\":true,\"valueName\":\"search_term_string\"}}],\"inLanguage\":\"nl-NL\"},{\"@type\":\"Organization\",\"@id\":\"https:\/\/guest-safety.com\/nl\/#organization\",\"name\":\"Guest Safety\",\"url\":\"https:\/\/guest-safety.com\/nl\/\",\"logo\":{\"@type\":\"ImageObject\",\"inLanguage\":\"nl-NL\",\"@id\":\"https:\/\/guest-safety.com\/nl\/#\/schema\/logo\/image\/\",\"url\":\"https:\/\/guest-safety.com\/wp-content\/uploads\/2021\/02\/cropped-logo-guest-safety-1.png\",\"contentUrl\":\"https:\/\/guest-safety.com\/wp-content\/uploads\/2021\/02\/cropped-logo-guest-safety-1.png\",\"width\":494,\"height\":176,\"caption\":\"Guest Safety\"},\"image\":{\"@id\":\"https:\/\/guest-safety.com\/nl\/#\/schema\/logo\/image\/\"}}]}<\/script>\n<!-- \/ Yoast SEO plugin. -->","yoast_head_json":{"title":"Safety Day - Guest Safety","robots":{"index":"index","follow":"follow","max-snippet":"max-snippet:-1","max-image-preview":"max-image-preview:large","max-video-preview":"max-video-preview:-1"},"canonical":"https:\/\/guest-safety.com\/nl\/andere-diensten\/safety-day\/","og_locale":"nl_NL","og_type":"article","og_title":"Safety Day - Guest Safety","og_description":"[vc_row equal_height=&#8221;yes&#8221; el_class=&#8221;bloc-content&#8221; css=&#8221;.vc_custom_1632471383273{background-position: center !important;background-repeat: no-repeat !important;background-size: cover !important;}&#8221;][vc_column width=&#8221;1\/2&#8243;][vc_column_text] Wat zijn \u00ab Safety Day \u00bb ? Workshops zonder lange theorie\u00ebn, alleen praktische situaties. Elke deelnemer zal de ganse dag een acteur zijn. De workshops van de Safety Day dragen bij tot de bewustmaking of instandhouding van risicovolle gewoonten en tot een meetbare verbetering [&hellip;]","og_url":"https:\/\/guest-safety.com\/nl\/andere-diensten\/safety-day\/","og_site_name":"Guest Safety","article_modified_time":"2022-01-06T11:41:33+00:00","twitter_card":"summary_large_image","twitter_misc":{"Geschatte leestijd":"1 minuut"},"schema":{"@context":"https:\/\/schema.org","@graph":[{"@type":"WebPage","@id":"https:\/\/guest-safety.com\/nl\/andere-diensten\/safety-day\/","url":"https:\/\/guest-safety.com\/nl\/andere-diensten\/safety-day\/","name":"Safety Day - Guest Safety","isPartOf":{"@id":"https:\/\/guest-safety.com\/nl\/#website"},"datePublished":"2022-01-06T11:41:32+00:00","dateModified":"2022-01-06T11:41:33+00:00","breadcrumb":{"@id":"https:\/\/guest-safety.com\/nl\/andere-diensten\/safety-day\/#breadcrumb"},"inLanguage":"nl-NL","potentialAction":[{"@type":"ReadAction","target":["https:\/\/guest-safety.com\/nl\/andere-diensten\/safety-day\/"]}]},{"@type":"BreadcrumbList","@id":"https:\/\/guest-safety.com\/nl\/andere-diensten\/safety-day\/#breadcrumb","itemListElement":[{"@type":"ListItem","position":1,"name":"Home","item":"https:\/\/guest-safety.com\/nl\/"},{"@type":"ListItem","position":2,"name":"Andere diensten","item":"https:\/\/guest-safety.com\/nl\/andere-diensten\/"},{"@type":"ListItem","position":3,"name":"Safety Day"}]},{"@type":"WebSite","@id":"https:\/\/guest-safety.com\/nl\/#website","url":"https:\/\/guest-safety.com\/nl\/","name":"Guest Safety","description":"Centre de formation en pr\u00e9vention et s\u00e9curit\u00e9 au travail","publisher":{"@id":"https:\/\/guest-safety.com\/nl\/#organization"},"potentialAction":[{"@type":"SearchAction","target":{"@type":"EntryPoint","urlTemplate":"https:\/\/guest-safety.com\/nl\/?s={search_term_string}"},"query-input":{"@type":"PropertyValueSpecification","valueRequired":true,"valueName":"search_term_string"}}],"inLanguage":"nl-NL"},{"@type":"Organization","@id":"https:\/\/guest-safety.com\/nl\/#organization","name":"Guest Safety","url":"https:\/\/guest-safety.com\/nl\/","logo":{"@type":"ImageObject","inLanguage":"nl-NL","@id":"https:\/\/guest-safety.com\/nl\/#\/schema\/logo\/image\/","url":"https:\/\/guest-safety.com\/wp-content\/uploads\/2021\/02\/cropped-logo-guest-safety-1.png","contentUrl":"https:\/\/guest-safety.com\/wp-content\/uploads\/2021\/02\/cropped-logo-guest-safety-1.png","width":494,"height":176,"caption":"Guest Safety"},"image":{"@id":"https:\/\/guest-safety.com\/nl\/#\/schema\/logo\/image\/"}}]}},"uagb_featured_image_src":{"full":false,"thumbnail":false,"medium":false,"medium_large":false,"large":false,"1536x1536":false,"2048x2048":false},"uagb_author_info":{"display_name":"Christophe Huget","author_link":"https:\/\/guest-safety.com\/nl\/author\/big-moustache\/"},"uagb_comment_info":0,"uagb_excerpt":"[vc_row equal_height=&#8221;yes&#8221; el_class=&#8221;bloc-content&#8221; css=&#8221;.vc_custom_1632471383273{background-position: center !important;background-repeat: no-repeat !important;background-size: cover !important;}&#8221;][vc_column width=&#8221;1\/2&#8243;][vc_column_text] Wat zijn \u00ab Safety Day \u00bb ? Workshops zonder lange theorie\u00ebn, alleen praktische situaties. Elke deelnemer zal de ganse dag een acteur zijn. De workshops van de Safety Day dragen bij tot de bewustmaking of instandhouding van risicovolle gewoonten en tot een meetbare verbetering&hellip;","_links":{"self":[{"href":"https:\/\/guest-safety.com\/nl\/wp-json\/wp\/v2\/pages\/11314","targetHints":{"allow":["GET"]}}],"collection":[{"href":"https:\/\/guest-safety.com\/nl\/wp-json\/wp\/v2\/pages"}],"about":[{"href":"https:\/\/guest-safety.com\/nl\/wp-json\/wp\/v2\/types\/page"}],"author":[{"embeddable":true,"href":"https:\/\/guest-safety.com\/nl\/wp-json\/wp\/v2\/users\/4"}],"replies":[{"embeddable":true,"href":"https:\/\/guest-safety.com\/nl\/wp-json\/wp\/v2\/comments?post=11314"}],"version-history":[{"count":3,"href":"https:\/\/guest-safety.com\/nl\/wp-json\/wp\/v2\/pages\/11314\/revisions"}],"predecessor-version":[{"id":11318,"href":"https:\/\/guest-safety.com\/nl\/wp-json\/wp\/v2\/pages\/11314\/revisions\/11318"}],"up":[{"embeddable":true,"href":"https:\/\/guest-safety.com\/nl\/wp-json\/wp\/v2\/pages\/11310"}],"wp:attachment":[{"href":"https:\/\/guest-safety.com\/nl\/wp-json\/wp\/v2\/media?parent=11314"}],"wp:term":[{"taxonomy":"category","embeddable":true,"href":"https:\/\/guest-safety.com\/nl\/wp-json\/wp\/v2\/categories?post=11314"}],"curies":[{"name":"wp","href":"https:\/\/api.w.org\/{rel}","templated":true}]}}