{"id":11319,"date":"2022-01-06T12:43:28","date_gmt":"2022-01-06T11:43:28","guid":{"rendered":"https:\/\/guest-safety.com\/andere-diensten\/opleiding-op-maat\/"},"modified":"2022-01-06T12:43:31","modified_gmt":"2022-01-06T11:43:31","slug":"opleiding-op-maat","status":"publish","type":"page","link":"https:\/\/guest-safety.com\/nl\/andere-diensten\/opleiding-op-maat\/","title":{"rendered":"Opleiding op maat"},"content":{"rendered":"<div class=\"wpb-content-wrapper\"><p>[vc_row el_class=&#8221;bloc-content&#8221;][vc_column][vc_column_text]GUEST ondersteunt u ook in het kader van opleidingen op maat.<\/p>\n<p>Wij analyseren samen met u uw behoeften en verwachtingen. Vervolgens stellen wij een programma \u00e0 la carte samen, rekening houdend met de behoeften van de onderneming, de beschikbaarheid van het op te leiden personeel, de specifieke kenmerken van de uitrusting, de machines en de gebouwen. <\/p>\n<p>De doelstellingen worden in onderling overleg vastgesteld en de vaardigheden en bekwaamheden worden gevalideerd volgens duidelijke en gestructureerde specificaties.<\/p>\n<p>Onze opleiders passen zich dan aan het overeengekomen programma aan en hanteren een lesmethode die is aangepast aan het op te leiden publiek en aan de bewustmaking.[\/vc_column_text][vc_cta h2=&#8221;Neem contact met ons op om samen uw programma op te stellen.&#8221; add_button=&#8221;right&#8221; btn_title=&#8221;Contacteer ons&#8221; btn_style=&#8221;outline&#8221; btn_color=&#8221;white&#8221; btn_link=&#8221;url:https%3A%2F%2Fguest3.dindesign.be%2Fcontactez-nous%2F|title:Contacteer%20ons|&#8221; el_class=&#8221;call-orange&#8221;][\/vc_cta][\/vc_column][\/vc_row]<\/p>\n<\/div>","protected":false},"excerpt":{"rendered":"<p>[vc_row el_class=&#8221;bloc-content&#8221;][vc_column][vc_column_text]GUEST ondersteunt u ook in het kader van opleidingen op maat. Wij analyseren samen met u uw behoeften en verwachtingen. Vervolgens stellen wij een programma \u00e0 la carte samen, rekening houdend met de behoeften van de onderneming, de beschikbaarheid van het op te leiden personeel, de specifieke kenmerken van de uitrusting, de machines en [&hellip;]<\/p>\n","protected":false},"author":4,"featured_media":0,"parent":11310,"menu_order":0,"comment_status":"closed","ping_status":"closed","template":"","meta":{"_uag_custom_page_level_css":"","site-sidebar-layout":"left-sidebar","site-content-layout":"plain-container","ast-site-content-layout":"default","site-content-style":"default","site-sidebar-style":"default","ast-global-header-display":"","ast-banner-title-visibility":"","ast-main-header-display":"","ast-hfb-above-header-display":"","ast-hfb-below-header-display":"","ast-hfb-mobile-header-display":"","site-post-title":"disabled","ast-breadcrumbs-content":"","ast-featured-img":"disabled","footer-sml-layout":"","ast-disable-related-posts":"","theme-transparent-header-meta":"default","adv-header-id-meta":"","stick-header-meta":"default","header-above-stick-meta":"","header-main-stick-meta":"","header-below-stick-meta":"","astra-migrate-meta-layouts":"default","ast-page-background-enabled":"default","ast-page-background-meta":{"desktop":{"background-color":"","background-image":"","background-repeat":"repeat","background-position":"center center","background-size":"auto","background-attachment":"scroll","background-type":"","background-media":"","overlay-type":"","overlay-color":"","overlay-opacity":"","overlay-gradient":""},"tablet":{"background-color":"","background-image":"","background-repeat":"repeat","background-position":"center center","background-size":"auto","background-attachment":"scroll","background-type":"","background-media":"","overlay-type":"","overlay-color":"","overlay-opacity":"","overlay-gradient":""},"mobile":{"background-color":"","background-image":"","background-repeat":"repeat","background-position":"center center","background-size":"auto","background-attachment":"scroll","background-type":"","background-media":"","overlay-type":"","overlay-color":"","overlay-opacity":"","overlay-gradient":""}},"ast-content-background-meta":{"desktop":{"background-color":"var(--ast-global-color-5)","background-image":"","background-repeat":"repeat","background-position":"center center","background-size":"auto","background-attachment":"scroll","background-type":"","background-media":"","overlay-type":"","overlay-color":"","overlay-opacity":"","overlay-gradient":""},"tablet":{"background-color":"var(--ast-global-color-5)","background-image":"","background-repeat":"repeat","background-position":"center center","background-size":"auto","background-attachment":"scroll","background-type":"","background-media":"","overlay-type":"","overlay-color":"","overlay-opacity":"","overlay-gradient":""},"mobile":{"background-color":"var(--ast-global-color-5)","background-image":"","background-repeat":"repeat","background-position":"center center","background-size":"auto","background-attachment":"scroll","background-type":"","background-media":"","overlay-type":"","overlay-color":"","overlay-opacity":"","overlay-gradient":""}},"footnotes":""},"categories":[],"class_list":["post-11319","page","type-page","status-publish","hentry"],"yoast_head":"<!-- This site is optimized with the Yoast SEO plugin v26.8 - https:\/\/yoast.com\/product\/yoast-seo-wordpress\/ -->\n<title>Opleiding op maat - Guest Safety<\/title>\n<meta name=\"robots\" content=\"index, follow, max-snippet:-1, max-image-preview:large, max-video-preview:-1\" \/>\n<link rel=\"canonical\" href=\"https:\/\/guest-safety.com\/nl\/andere-diensten\/opleiding-op-maat\/\" \/>\n<meta property=\"og:locale\" content=\"nl_NL\" \/>\n<meta property=\"og:type\" content=\"article\" \/>\n<meta property=\"og:title\" content=\"Opleiding op maat - Guest Safety\" \/>\n<meta property=\"og:description\" content=\"[vc_row el_class=&#8221;bloc-content&#8221;][vc_column][vc_column_text]GUEST ondersteunt u ook in het kader van opleidingen op maat. Wij analyseren samen met u uw behoeften en verwachtingen. Vervolgens stellen wij een programma \u00e0 la carte samen, rekening houdend met de behoeften van de onderneming, de beschikbaarheid van het op te leiden personeel, de specifieke kenmerken van de uitrusting, de machines en [&hellip;]\" \/>\n<meta property=\"og:url\" content=\"https:\/\/guest-safety.com\/nl\/andere-diensten\/opleiding-op-maat\/\" \/>\n<meta property=\"og:site_name\" content=\"Guest Safety\" \/>\n<meta property=\"article:modified_time\" content=\"2022-01-06T11:43:31+00:00\" \/>\n<meta name=\"twitter:card\" content=\"summary_large_image\" \/>\n<meta name=\"twitter:label1\" content=\"Geschatte leestijd\" \/>\n\t<meta name=\"twitter:data1\" content=\"1 minuut\" \/>\n<script type=\"application\/ld+json\" class=\"yoast-schema-graph\">{\"@context\":\"https:\/\/schema.org\",\"@graph\":[{\"@type\":\"WebPage\",\"@id\":\"https:\/\/guest-safety.com\/nl\/andere-diensten\/opleiding-op-maat\/\",\"url\":\"https:\/\/guest-safety.com\/nl\/andere-diensten\/opleiding-op-maat\/\",\"name\":\"Opleiding op maat - Guest Safety\",\"isPartOf\":{\"@id\":\"https:\/\/guest-safety.com\/nl\/#website\"},\"datePublished\":\"2022-01-06T11:43:28+00:00\",\"dateModified\":\"2022-01-06T11:43:31+00:00\",\"breadcrumb\":{\"@id\":\"https:\/\/guest-safety.com\/nl\/andere-diensten\/opleiding-op-maat\/#breadcrumb\"},\"inLanguage\":\"nl-NL\",\"potentialAction\":[{\"@type\":\"ReadAction\",\"target\":[\"https:\/\/guest-safety.com\/nl\/andere-diensten\/opleiding-op-maat\/\"]}]},{\"@type\":\"BreadcrumbList\",\"@id\":\"https:\/\/guest-safety.com\/nl\/andere-diensten\/opleiding-op-maat\/#breadcrumb\",\"itemListElement\":[{\"@type\":\"ListItem\",\"position\":1,\"name\":\"Home\",\"item\":\"https:\/\/guest-safety.com\/nl\/\"},{\"@type\":\"ListItem\",\"position\":2,\"name\":\"Andere diensten\",\"item\":\"https:\/\/guest-safety.com\/nl\/andere-diensten\/\"},{\"@type\":\"ListItem\",\"position\":3,\"name\":\"Opleiding op maat\"}]},{\"@type\":\"WebSite\",\"@id\":\"https:\/\/guest-safety.com\/nl\/#website\",\"url\":\"https:\/\/guest-safety.com\/nl\/\",\"name\":\"Guest Safety\",\"description\":\"Centre de formation en pr\u00e9vention et s\u00e9curit\u00e9 au travail\",\"publisher\":{\"@id\":\"https:\/\/guest-safety.com\/nl\/#organization\"},\"potentialAction\":[{\"@type\":\"SearchAction\",\"target\":{\"@type\":\"EntryPoint\",\"urlTemplate\":\"https:\/\/guest-safety.com\/nl\/?s={search_term_string}\"},\"query-input\":{\"@type\":\"PropertyValueSpecification\",\"valueRequired\":true,\"valueName\":\"search_term_string\"}}],\"inLanguage\":\"nl-NL\"},{\"@type\":\"Organization\",\"@id\":\"https:\/\/guest-safety.com\/nl\/#organization\",\"name\":\"Guest Safety\",\"url\":\"https:\/\/guest-safety.com\/nl\/\",\"logo\":{\"@type\":\"ImageObject\",\"inLanguage\":\"nl-NL\",\"@id\":\"https:\/\/guest-safety.com\/nl\/#\/schema\/logo\/image\/\",\"url\":\"https:\/\/guest-safety.com\/wp-content\/uploads\/2021\/02\/cropped-logo-guest-safety-1.png\",\"contentUrl\":\"https:\/\/guest-safety.com\/wp-content\/uploads\/2021\/02\/cropped-logo-guest-safety-1.png\",\"width\":494,\"height\":176,\"caption\":\"Guest Safety\"},\"image\":{\"@id\":\"https:\/\/guest-safety.com\/nl\/#\/schema\/logo\/image\/\"}}]}<\/script>\n<!-- \/ Yoast SEO plugin. -->","yoast_head_json":{"title":"Opleiding op maat - Guest Safety","robots":{"index":"index","follow":"follow","max-snippet":"max-snippet:-1","max-image-preview":"max-image-preview:large","max-video-preview":"max-video-preview:-1"},"canonical":"https:\/\/guest-safety.com\/nl\/andere-diensten\/opleiding-op-maat\/","og_locale":"nl_NL","og_type":"article","og_title":"Opleiding op maat - Guest Safety","og_description":"[vc_row el_class=&#8221;bloc-content&#8221;][vc_column][vc_column_text]GUEST ondersteunt u ook in het kader van opleidingen op maat. Wij analyseren samen met u uw behoeften en verwachtingen. Vervolgens stellen wij een programma \u00e0 la carte samen, rekening houdend met de behoeften van de onderneming, de beschikbaarheid van het op te leiden personeel, de specifieke kenmerken van de uitrusting, de machines en [&hellip;]","og_url":"https:\/\/guest-safety.com\/nl\/andere-diensten\/opleiding-op-maat\/","og_site_name":"Guest Safety","article_modified_time":"2022-01-06T11:43:31+00:00","twitter_card":"summary_large_image","twitter_misc":{"Geschatte leestijd":"1 minuut"},"schema":{"@context":"https:\/\/schema.org","@graph":[{"@type":"WebPage","@id":"https:\/\/guest-safety.com\/nl\/andere-diensten\/opleiding-op-maat\/","url":"https:\/\/guest-safety.com\/nl\/andere-diensten\/opleiding-op-maat\/","name":"Opleiding op maat - Guest Safety","isPartOf":{"@id":"https:\/\/guest-safety.com\/nl\/#website"},"datePublished":"2022-01-06T11:43:28+00:00","dateModified":"2022-01-06T11:43:31+00:00","breadcrumb":{"@id":"https:\/\/guest-safety.com\/nl\/andere-diensten\/opleiding-op-maat\/#breadcrumb"},"inLanguage":"nl-NL","potentialAction":[{"@type":"ReadAction","target":["https:\/\/guest-safety.com\/nl\/andere-diensten\/opleiding-op-maat\/"]}]},{"@type":"BreadcrumbList","@id":"https:\/\/guest-safety.com\/nl\/andere-diensten\/opleiding-op-maat\/#breadcrumb","itemListElement":[{"@type":"ListItem","position":1,"name":"Home","item":"https:\/\/guest-safety.com\/nl\/"},{"@type":"ListItem","position":2,"name":"Andere diensten","item":"https:\/\/guest-safety.com\/nl\/andere-diensten\/"},{"@type":"ListItem","position":3,"name":"Opleiding op maat"}]},{"@type":"WebSite","@id":"https:\/\/guest-safety.com\/nl\/#website","url":"https:\/\/guest-safety.com\/nl\/","name":"Guest Safety","description":"Centre de formation en pr\u00e9vention et s\u00e9curit\u00e9 au travail","publisher":{"@id":"https:\/\/guest-safety.com\/nl\/#organization"},"potentialAction":[{"@type":"SearchAction","target":{"@type":"EntryPoint","urlTemplate":"https:\/\/guest-safety.com\/nl\/?s={search_term_string}"},"query-input":{"@type":"PropertyValueSpecification","valueRequired":true,"valueName":"search_term_string"}}],"inLanguage":"nl-NL"},{"@type":"Organization","@id":"https:\/\/guest-safety.com\/nl\/#organization","name":"Guest Safety","url":"https:\/\/guest-safety.com\/nl\/","logo":{"@type":"ImageObject","inLanguage":"nl-NL","@id":"https:\/\/guest-safety.com\/nl\/#\/schema\/logo\/image\/","url":"https:\/\/guest-safety.com\/wp-content\/uploads\/2021\/02\/cropped-logo-guest-safety-1.png","contentUrl":"https:\/\/guest-safety.com\/wp-content\/uploads\/2021\/02\/cropped-logo-guest-safety-1.png","width":494,"height":176,"caption":"Guest Safety"},"image":{"@id":"https:\/\/guest-safety.com\/nl\/#\/schema\/logo\/image\/"}}]}},"uagb_featured_image_src":{"full":false,"thumbnail":false,"medium":false,"medium_large":false,"large":false,"1536x1536":false,"2048x2048":false},"uagb_author_info":{"display_name":"Christophe Huget","author_link":"https:\/\/guest-safety.com\/nl\/author\/big-moustache\/"},"uagb_comment_info":0,"uagb_excerpt":"[vc_row el_class=&#8221;bloc-content&#8221;][vc_column][vc_column_text]GUEST ondersteunt u ook in het kader van opleidingen op maat. Wij analyseren samen met u uw behoeften en verwachtingen. Vervolgens stellen wij een programma \u00e0 la carte samen, rekening houdend met de behoeften van de onderneming, de beschikbaarheid van het op te leiden personeel, de specifieke kenmerken van de uitrusting, de machines en&hellip;","_links":{"self":[{"href":"https:\/\/guest-safety.com\/nl\/wp-json\/wp\/v2\/pages\/11319","targetHints":{"allow":["GET"]}}],"collection":[{"href":"https:\/\/guest-safety.com\/nl\/wp-json\/wp\/v2\/pages"}],"about":[{"href":"https:\/\/guest-safety.com\/nl\/wp-json\/wp\/v2\/types\/page"}],"author":[{"embeddable":true,"href":"https:\/\/guest-safety.com\/nl\/wp-json\/wp\/v2\/users\/4"}],"replies":[{"embeddable":true,"href":"https:\/\/guest-safety.com\/nl\/wp-json\/wp\/v2\/comments?post=11319"}],"version-history":[{"count":2,"href":"https:\/\/guest-safety.com\/nl\/wp-json\/wp\/v2\/pages\/11319\/revisions"}],"predecessor-version":[{"id":11321,"href":"https:\/\/guest-safety.com\/nl\/wp-json\/wp\/v2\/pages\/11319\/revisions\/11321"}],"up":[{"embeddable":true,"href":"https:\/\/guest-safety.com\/nl\/wp-json\/wp\/v2\/pages\/11310"}],"wp:attachment":[{"href":"https:\/\/guest-safety.com\/nl\/wp-json\/wp\/v2\/media?parent=11319"}],"wp:term":[{"taxonomy":"category","embeddable":true,"href":"https:\/\/guest-safety.com\/nl\/wp-json\/wp\/v2\/categories?post=11319"}],"curies":[{"name":"wp","href":"https:\/\/api.w.org\/{rel}","templated":true}]}}