{"id":11352,"date":"2022-01-06T13:06:41","date_gmt":"2022-01-06T12:06:41","guid":{"rendered":"https:\/\/guest-safety.com\/wie-zijn-we\/visie-missie-en-waarden\/"},"modified":"2022-01-06T13:06:42","modified_gmt":"2022-01-06T12:06:42","slug":"visie-missie-en-waarden","status":"publish","type":"page","link":"https:\/\/guest-safety.com\/nl\/wie-zijn-wij\/visie-missie-en-waarden\/","title":{"rendered":"Visie, missie en waarden"},"content":{"rendered":"<div class=\"wpb-content-wrapper\"><p>[vc_row el_class=&#8221;bloc-content&#8221;][vc_column][vc_column_text]<\/p>\n<h2>Onze visie<\/h2>\n<p>Het welzijn op het werk en de veiligheid van de mensen staan centraal bij Guest.<\/p>\n<ul>\n<li>De nieuwsgierigheid van de deelnemers wekken met betrekking tot hun beroep. Daartoe trachten de opleiders van Guest voortdurend inzicht te krijgen in de problemen en risico&#8217;s in verband met de activiteit van het bedrijf en hun ervaringen te delen. <\/li>\n<li>De bewustwording cre\u00ebren, de deelnemers aanzetten tot gedragsverandering op basis van een betere kennis van de werkomgeving en in hun gedrag rekening houden met het werk van hun medewerkers.<\/li>\n<li>Wat betreft het wettelijk kader: dat is een troef voor de werknemer en geen onaangename belemmering! Iedereen moet een bron van verbetering worden voor de veiligheid in het bedrijf. <\/li>\n<\/ul>\n<h2>Onze waarden<\/h2>\n<h3><strong>Expertise<\/strong><\/h3>\n<p>De zakenwereld, de technologie\u00ebn en de risico&#8217;s veranderen. Onze deskundigen moeten dus op de hoogte blijven van deze voortdurende veranderingen. Om de deskundigheid van haar werknemers te waarborgen, ziet Guest erop toe dat elk van hen zijn of haar deskundigheid voortdurend ontwikkelt door, onder meer, een overwegend operationele activiteit in zijn of haar vakgebied te handhaven.  <\/p>\n<h3><strong>Passie<\/strong><\/h3>\n<p>Omdat passie een van de troeven van de oprichters is, zoekt, behoudt, deelt en ontwikkelt Guest deze eigenschap bij zijn medewerkers.<\/p>\n<h3><strong>Integriteit<\/strong><\/h3>\n<p>Omdat elke activiteit van ons bedrijf raakt aan de essenti\u00eble dimensies van de veiligheid en het welzijn van mensen, zorgt Guest ervoor dat de integriteit van elk gegeven advies wordt behouden, in elke relatie die het onderhoudt en versterkt met zijn partners.[\/vc_column_text][\/vc_column][\/vc_row]<\/p>\n<\/div>","protected":false},"excerpt":{"rendered":"<p>[vc_row el_class=&#8221;bloc-content&#8221;][vc_column][vc_column_text] Onze visie Het welzijn op het werk en de veiligheid van de mensen staan centraal bij Guest. De nieuwsgierigheid van de deelnemers wekken met betrekking tot hun beroep. Daartoe trachten de opleiders van Guest voortdurend inzicht te krijgen in de problemen en risico&#8217;s in verband met de activiteit van het bedrijf en hun [&hellip;]<\/p>\n","protected":false},"author":4,"featured_media":0,"parent":11328,"menu_order":0,"comment_status":"closed","ping_status":"closed","template":"","meta":{"_uag_custom_page_level_css":"","site-sidebar-layout":"left-sidebar","site-content-layout":"plain-container","ast-site-content-layout":"default","site-content-style":"default","site-sidebar-style":"default","ast-global-header-display":"","ast-banner-title-visibility":"","ast-main-header-display":"","ast-hfb-above-header-display":"","ast-hfb-below-header-display":"","ast-hfb-mobile-header-display":"","site-post-title":"disabled","ast-breadcrumbs-content":"","ast-featured-img":"disabled","footer-sml-layout":"","ast-disable-related-posts":"","theme-transparent-header-meta":"default","adv-header-id-meta":"","stick-header-meta":"default","header-above-stick-meta":"","header-main-stick-meta":"","header-below-stick-meta":"","astra-migrate-meta-layouts":"default","ast-page-background-enabled":"default","ast-page-background-meta":{"desktop":{"background-color":"","background-image":"","background-repeat":"repeat","background-position":"center center","background-size":"auto","background-attachment":"scroll","background-type":"","background-media":"","overlay-type":"","overlay-color":"","overlay-opacity":"","overlay-gradient":""},"tablet":{"background-color":"","background-image":"","background-repeat":"repeat","background-position":"center center","background-size":"auto","background-attachment":"scroll","background-type":"","background-media":"","overlay-type":"","overlay-color":"","overlay-opacity":"","overlay-gradient":""},"mobile":{"background-color":"","background-image":"","background-repeat":"repeat","background-position":"center center","background-size":"auto","background-attachment":"scroll","background-type":"","background-media":"","overlay-type":"","overlay-color":"","overlay-opacity":"","overlay-gradient":""}},"ast-content-background-meta":{"desktop":{"background-color":"var(--ast-global-color-5)","background-image":"","background-repeat":"repeat","background-position":"center center","background-size":"auto","background-attachment":"scroll","background-type":"","background-media":"","overlay-type":"","overlay-color":"","overlay-opacity":"","overlay-gradient":""},"tablet":{"background-color":"var(--ast-global-color-5)","background-image":"","background-repeat":"repeat","background-position":"center center","background-size":"auto","background-attachment":"scroll","background-type":"","background-media":"","overlay-type":"","overlay-color":"","overlay-opacity":"","overlay-gradient":""},"mobile":{"background-color":"var(--ast-global-color-5)","background-image":"","background-repeat":"repeat","background-position":"center center","background-size":"auto","background-attachment":"scroll","background-type":"","background-media":"","overlay-type":"","overlay-color":"","overlay-opacity":"","overlay-gradient":""}},"footnotes":""},"categories":[],"class_list":["post-11352","page","type-page","status-publish","hentry"],"yoast_head":"<!-- This site is optimized with the Yoast SEO plugin v26.8 - https:\/\/yoast.com\/product\/yoast-seo-wordpress\/ -->\n<title>Visie, missie en waarden - Guest Safety<\/title>\n<meta name=\"robots\" content=\"index, follow, max-snippet:-1, max-image-preview:large, max-video-preview:-1\" \/>\n<link rel=\"canonical\" href=\"https:\/\/guest-safety.com\/nl\/wie-zijn-wij\/visie-missie-en-waarden\/\" \/>\n<meta property=\"og:locale\" content=\"nl_NL\" \/>\n<meta property=\"og:type\" content=\"article\" \/>\n<meta property=\"og:title\" content=\"Visie, missie en waarden - Guest Safety\" \/>\n<meta property=\"og:description\" content=\"[vc_row el_class=&#8221;bloc-content&#8221;][vc_column][vc_column_text] Onze visie Het welzijn op het werk en de veiligheid van de mensen staan centraal bij Guest. De nieuwsgierigheid van de deelnemers wekken met betrekking tot hun beroep. Daartoe trachten de opleiders van Guest voortdurend inzicht te krijgen in de problemen en risico&#8217;s in verband met de activiteit van het bedrijf en hun [&hellip;]\" \/>\n<meta property=\"og:url\" content=\"https:\/\/guest-safety.com\/nl\/wie-zijn-wij\/visie-missie-en-waarden\/\" \/>\n<meta property=\"og:site_name\" content=\"Guest Safety\" \/>\n<meta property=\"article:modified_time\" content=\"2022-01-06T12:06:42+00:00\" \/>\n<meta name=\"twitter:card\" content=\"summary_large_image\" \/>\n<meta name=\"twitter:label1\" content=\"Geschatte leestijd\" \/>\n\t<meta name=\"twitter:data1\" content=\"1 minuut\" \/>\n<script type=\"application\/ld+json\" class=\"yoast-schema-graph\">{\"@context\":\"https:\/\/schema.org\",\"@graph\":[{\"@type\":\"WebPage\",\"@id\":\"https:\/\/guest-safety.com\/nl\/wie-zijn-wij\/visie-missie-en-waarden\/\",\"url\":\"https:\/\/guest-safety.com\/nl\/wie-zijn-wij\/visie-missie-en-waarden\/\",\"name\":\"Visie, missie en waarden - Guest Safety\",\"isPartOf\":{\"@id\":\"https:\/\/guest-safety.com\/nl\/#website\"},\"datePublished\":\"2022-01-06T12:06:41+00:00\",\"dateModified\":\"2022-01-06T12:06:42+00:00\",\"breadcrumb\":{\"@id\":\"https:\/\/guest-safety.com\/nl\/wie-zijn-wij\/visie-missie-en-waarden\/#breadcrumb\"},\"inLanguage\":\"nl-NL\",\"potentialAction\":[{\"@type\":\"ReadAction\",\"target\":[\"https:\/\/guest-safety.com\/nl\/wie-zijn-wij\/visie-missie-en-waarden\/\"]}]},{\"@type\":\"BreadcrumbList\",\"@id\":\"https:\/\/guest-safety.com\/nl\/wie-zijn-wij\/visie-missie-en-waarden\/#breadcrumb\",\"itemListElement\":[{\"@type\":\"ListItem\",\"position\":1,\"name\":\"Home\",\"item\":\"https:\/\/guest-safety.com\/nl\/\"},{\"@type\":\"ListItem\",\"position\":2,\"name\":\"Wie zijn wij ?\",\"item\":\"https:\/\/guest-safety.com\/nl\/qui-sommes-nous\/\"},{\"@type\":\"ListItem\",\"position\":3,\"name\":\"Visie, missie en waarden\"}]},{\"@type\":\"WebSite\",\"@id\":\"https:\/\/guest-safety.com\/nl\/#website\",\"url\":\"https:\/\/guest-safety.com\/nl\/\",\"name\":\"Guest Safety\",\"description\":\"Centre de formation en pr\u00e9vention et s\u00e9curit\u00e9 au travail\",\"publisher\":{\"@id\":\"https:\/\/guest-safety.com\/nl\/#organization\"},\"potentialAction\":[{\"@type\":\"SearchAction\",\"target\":{\"@type\":\"EntryPoint\",\"urlTemplate\":\"https:\/\/guest-safety.com\/nl\/?s={search_term_string}\"},\"query-input\":{\"@type\":\"PropertyValueSpecification\",\"valueRequired\":true,\"valueName\":\"search_term_string\"}}],\"inLanguage\":\"nl-NL\"},{\"@type\":\"Organization\",\"@id\":\"https:\/\/guest-safety.com\/nl\/#organization\",\"name\":\"Guest Safety\",\"url\":\"https:\/\/guest-safety.com\/nl\/\",\"logo\":{\"@type\":\"ImageObject\",\"inLanguage\":\"nl-NL\",\"@id\":\"https:\/\/guest-safety.com\/nl\/#\/schema\/logo\/image\/\",\"url\":\"https:\/\/guest-safety.com\/wp-content\/uploads\/2021\/02\/cropped-logo-guest-safety-1.png\",\"contentUrl\":\"https:\/\/guest-safety.com\/wp-content\/uploads\/2021\/02\/cropped-logo-guest-safety-1.png\",\"width\":494,\"height\":176,\"caption\":\"Guest Safety\"},\"image\":{\"@id\":\"https:\/\/guest-safety.com\/nl\/#\/schema\/logo\/image\/\"}}]}<\/script>\n<!-- \/ Yoast SEO plugin. -->","yoast_head_json":{"title":"Visie, missie en waarden - Guest Safety","robots":{"index":"index","follow":"follow","max-snippet":"max-snippet:-1","max-image-preview":"max-image-preview:large","max-video-preview":"max-video-preview:-1"},"canonical":"https:\/\/guest-safety.com\/nl\/wie-zijn-wij\/visie-missie-en-waarden\/","og_locale":"nl_NL","og_type":"article","og_title":"Visie, missie en waarden - Guest Safety","og_description":"[vc_row el_class=&#8221;bloc-content&#8221;][vc_column][vc_column_text] Onze visie Het welzijn op het werk en de veiligheid van de mensen staan centraal bij Guest. De nieuwsgierigheid van de deelnemers wekken met betrekking tot hun beroep. Daartoe trachten de opleiders van Guest voortdurend inzicht te krijgen in de problemen en risico&#8217;s in verband met de activiteit van het bedrijf en hun [&hellip;]","og_url":"https:\/\/guest-safety.com\/nl\/wie-zijn-wij\/visie-missie-en-waarden\/","og_site_name":"Guest Safety","article_modified_time":"2022-01-06T12:06:42+00:00","twitter_card":"summary_large_image","twitter_misc":{"Geschatte leestijd":"1 minuut"},"schema":{"@context":"https:\/\/schema.org","@graph":[{"@type":"WebPage","@id":"https:\/\/guest-safety.com\/nl\/wie-zijn-wij\/visie-missie-en-waarden\/","url":"https:\/\/guest-safety.com\/nl\/wie-zijn-wij\/visie-missie-en-waarden\/","name":"Visie, missie en waarden - Guest Safety","isPartOf":{"@id":"https:\/\/guest-safety.com\/nl\/#website"},"datePublished":"2022-01-06T12:06:41+00:00","dateModified":"2022-01-06T12:06:42+00:00","breadcrumb":{"@id":"https:\/\/guest-safety.com\/nl\/wie-zijn-wij\/visie-missie-en-waarden\/#breadcrumb"},"inLanguage":"nl-NL","potentialAction":[{"@type":"ReadAction","target":["https:\/\/guest-safety.com\/nl\/wie-zijn-wij\/visie-missie-en-waarden\/"]}]},{"@type":"BreadcrumbList","@id":"https:\/\/guest-safety.com\/nl\/wie-zijn-wij\/visie-missie-en-waarden\/#breadcrumb","itemListElement":[{"@type":"ListItem","position":1,"name":"Home","item":"https:\/\/guest-safety.com\/nl\/"},{"@type":"ListItem","position":2,"name":"Wie zijn wij ?","item":"https:\/\/guest-safety.com\/nl\/qui-sommes-nous\/"},{"@type":"ListItem","position":3,"name":"Visie, missie en waarden"}]},{"@type":"WebSite","@id":"https:\/\/guest-safety.com\/nl\/#website","url":"https:\/\/guest-safety.com\/nl\/","name":"Guest Safety","description":"Centre de formation en pr\u00e9vention et s\u00e9curit\u00e9 au travail","publisher":{"@id":"https:\/\/guest-safety.com\/nl\/#organization"},"potentialAction":[{"@type":"SearchAction","target":{"@type":"EntryPoint","urlTemplate":"https:\/\/guest-safety.com\/nl\/?s={search_term_string}"},"query-input":{"@type":"PropertyValueSpecification","valueRequired":true,"valueName":"search_term_string"}}],"inLanguage":"nl-NL"},{"@type":"Organization","@id":"https:\/\/guest-safety.com\/nl\/#organization","name":"Guest Safety","url":"https:\/\/guest-safety.com\/nl\/","logo":{"@type":"ImageObject","inLanguage":"nl-NL","@id":"https:\/\/guest-safety.com\/nl\/#\/schema\/logo\/image\/","url":"https:\/\/guest-safety.com\/wp-content\/uploads\/2021\/02\/cropped-logo-guest-safety-1.png","contentUrl":"https:\/\/guest-safety.com\/wp-content\/uploads\/2021\/02\/cropped-logo-guest-safety-1.png","width":494,"height":176,"caption":"Guest Safety"},"image":{"@id":"https:\/\/guest-safety.com\/nl\/#\/schema\/logo\/image\/"}}]}},"uagb_featured_image_src":{"full":false,"thumbnail":false,"medium":false,"medium_large":false,"large":false,"1536x1536":false,"2048x2048":false},"uagb_author_info":{"display_name":"Christophe Huget","author_link":"https:\/\/guest-safety.com\/nl\/author\/big-moustache\/"},"uagb_comment_info":0,"uagb_excerpt":"[vc_row el_class=&#8221;bloc-content&#8221;][vc_column][vc_column_text] Onze visie Het welzijn op het werk en de veiligheid van de mensen staan centraal bij Guest. De nieuwsgierigheid van de deelnemers wekken met betrekking tot hun beroep. Daartoe trachten de opleiders van Guest voortdurend inzicht te krijgen in de problemen en risico&#8217;s in verband met de activiteit van het bedrijf en hun&hellip;","_links":{"self":[{"href":"https:\/\/guest-safety.com\/nl\/wp-json\/wp\/v2\/pages\/11352","targetHints":{"allow":["GET"]}}],"collection":[{"href":"https:\/\/guest-safety.com\/nl\/wp-json\/wp\/v2\/pages"}],"about":[{"href":"https:\/\/guest-safety.com\/nl\/wp-json\/wp\/v2\/types\/page"}],"author":[{"embeddable":true,"href":"https:\/\/guest-safety.com\/nl\/wp-json\/wp\/v2\/users\/4"}],"replies":[{"embeddable":true,"href":"https:\/\/guest-safety.com\/nl\/wp-json\/wp\/v2\/comments?post=11352"}],"version-history":[{"count":2,"href":"https:\/\/guest-safety.com\/nl\/wp-json\/wp\/v2\/pages\/11352\/revisions"}],"predecessor-version":[{"id":11354,"href":"https:\/\/guest-safety.com\/nl\/wp-json\/wp\/v2\/pages\/11352\/revisions\/11354"}],"up":[{"embeddable":true,"href":"https:\/\/guest-safety.com\/nl\/wp-json\/wp\/v2\/pages\/11328"}],"wp:attachment":[{"href":"https:\/\/guest-safety.com\/nl\/wp-json\/wp\/v2\/media?parent=11352"}],"wp:term":[{"taxonomy":"category","embeddable":true,"href":"https:\/\/guest-safety.com\/nl\/wp-json\/wp\/v2\/categories?post=11352"}],"curies":[{"name":"wp","href":"https:\/\/api.w.org\/{rel}","templated":true}]}}