{"id":11355,"date":"2022-01-06T13:08:23","date_gmt":"2022-01-06T12:08:23","guid":{"rendered":"https:\/\/guest-safety.com\/trainingsagenda\/"},"modified":"2025-07-16T22:28:46","modified_gmt":"2025-07-16T21:28:46","slug":"trainingsagenda","status":"publish","type":"page","link":"https:\/\/guest-safety.com\/nl\/trainingsagenda\/","title":{"rendered":"Trainingsagenda"},"content":{"rendered":"\n<div class=\"wp-block-columns is-layout-flex wp-container-core-columns-is-layout-28f84493 wp-block-columns-is-layout-flex\">\n<div class=\"wp-block-column is-layout-flow wp-block-column-is-layout-flow\" style=\"flex-basis:66.66%\"><div class=\"wpv-view-output\" data-toolset-views-view-editor=\"66180acde065a93b9079f638684165c9\">\n<div class=\"wp-block-toolset-views-view-editor wpv-gutenberg-view-wrapper-10296\"><form autocomplete=\"off\" name=\"wpv-filter-10296\" action=\"\/nl\/wp-json\/wp\/v2\/pages\/11355?wpv_view_count=10296\" method=\"get\" class=\"wpv-filter-form js-wpv-filter-form js-wpv-filter-form-10296 js-wpv-form-full\" data-viewnumber=\"10296\" data-viewid=\"10296\" data-viewhash=\"eyJuYW1lIjoiZ3Vlc3QtbmV3LWFnZW5kYS1yZXBldGFibGUtZmllbGQyIn0=\" data-viewwidgetid=\"0\" data-orderby=\"\" data-order=\"\" data-orderbyas=\"\" data-orderbysecond=\"\" data-ordersecond=\"\" data-parametric=\"{&quot;query&quot;:&quot;normal&quot;,&quot;id&quot;:10296,&quot;view_id&quot;:10296,&quot;widget_id&quot;:0,&quot;view_hash&quot;:&quot;10296&quot;,&quot;action&quot;:&quot;\\\/nl\\\/wp-json\\\/wp\\\/v2\\\/pages\\\/11355?wpv_view_count=10296&quot;,&quot;sort&quot;:{&quot;orderby&quot;:&quot;&quot;,&quot;order&quot;:&quot;&quot;,&quot;orderby_as&quot;:&quot;&quot;,&quot;orderby_second&quot;:&quot;&quot;,&quot;order_second&quot;:&quot;&quot;},&quot;orderby&quot;:&quot;&quot;,&quot;order&quot;:&quot;&quot;,&quot;orderby_as&quot;:&quot;&quot;,&quot;orderby_second&quot;:&quot;&quot;,&quot;order_second&quot;:&quot;&quot;,&quot;ajax_form&quot;:&quot;&quot;,&quot;ajax_results&quot;:&quot;&quot;,&quot;effect&quot;:&quot;fade&quot;,&quot;prebefore&quot;:&quot;&quot;,&quot;before&quot;:&quot;&quot;,&quot;after&quot;:&quot;&quot;,&quot;attributes&quot;:[],&quot;environment&quot;:{&quot;current_post_id&quot;:11355,&quot;parent_post_id&quot;:11355,&quot;parent_term_id&quot;:0,&quot;parent_user_id&quot;:0,&quot;archive&quot;:{&quot;type&quot;:&quot;&quot;,&quot;name&quot;:&quot;&quot;,&quot;data&quot;:[]}},&quot;loop&quot;:{&quot;type&quot;:&quot;&quot;,&quot;name&quot;:&quot;&quot;,&quot;data&quot;:[],&quot;id&quot;:0}}\" data-attributes=\"[]\" data-environment=\"{&quot;current_post_id&quot;:11355,&quot;parent_post_id&quot;:11355,&quot;parent_term_id&quot;:0,&quot;parent_user_id&quot;:0,&quot;archive&quot;:{&quot;type&quot;:&quot;&quot;,&quot;name&quot;:&quot;&quot;,&quot;data&quot;:[]}}\"><input type=\"hidden\" class=\"js-wpv-dps-filter-data js-wpv-filter-data-for-this-form\" data-action=\"\/nl\/wp-json\/wp\/v2\/pages\/11355?wpv_view_count=10296\" data-page=\"1\" data-ajax=\"disable\" data-effect=\"fade\" data-maxpages=\"0\" data-ajaxprebefore=\"\" data-ajaxbefore=\"\" data-ajaxafter=\"\" \/><input class=\"wpv_view_count wpv_view_count-10296\" type=\"hidden\" name=\"wpv_view_count\" value=\"10296\" \/>\n<div class=\"wp-block-toolset-views-custom-search-container\">\n  <h4 class=\"title-sexion-color\">Filtrer l'agenda des formations<\/h4>\n  <div class=\"wp-block-columns\">\n    <div class=\"wp-block-column\">\n\n\t<select id=\"wpv_control_select_wpcf-categorie-session\" name=\"wpv-wpcf-categorie-session\" class=\"js-wpv-filter-trigger form-control\"><option value=\"\" selected=\"selected\">Cat\u00e9gorie de formations<\/option><option value=\"1\">Formation au travail en espaces dangereux<\/option><option value=\"2\">Formation conduite des engins de chantier<\/option><option value=\"3\">Formation en manutention m\u00e9canique des charges<\/option><option value=\"4\">Formation en pr\u00e9vention<\/option><option value=\"5\">Formation incendie & \u00e9vacuation<\/option><option value=\"6\">Formation li\u00e9es \u00e0 l\u2019Ergonomie<\/option><option value=\"7\">Formation Produits dangereux<\/option><option value=\"8\">Formation Risques \u00e9lectriques<\/option><option value=\"9\">Formation Risques psychosociaux<\/option><option value=\"10\">Formation secourisme<\/option><option value=\"11\">Formation travail en hauteur<\/option><option value=\"12\">Formation VCA<\/option><\/select>\n\n    <\/div>\n    <div class=\"wp-block-column\">\n      <select id=\"wpv_control_select_wpcf-type-de-session\" name=\"wpv-wpcf-type-de-session\" class=\"js-wpv-filter-trigger form-control\"><option value=\"\" selected=\"selected\">Types de formations<\/option><option value=\"1\">Examen<\/option><option value=\"2\">Formation de base<\/option><option value=\"3\">Perfectionnement<\/option><option value=\"4\">Rattrapage<\/option><option value=\"5\">Recyclage<\/option><option value=\"6\">Sensibilisation<\/option><option value=\"7\">Validation des comp\u00e9tences<\/option><\/select>\n    <\/div>\n  <\/div>\n  \n  <div class=\"wp-block-columns\">\n    <div class=\"wp-block-column\">\n      \n      \n      \n\n\t<select id=\"wpv_control_select_wpv-relationship-filter\" name=\"wpv-relationship-filter\" class=\" js-wpv-filter-trigger form-control\" data-currentposttype=\"formation\"><option value=\"0\" selected=\"selected\">Nom de la formation<\/option><option value=\"12311\">Basisopleiding Aanslaan van lasten<\/option><option value=\"12332\">Basisopleiding bestuurder pallet truck \/ stapelaar<\/option><option value=\"12317\">Basisopleiding gebruik van vaste en mobiele stellingen<\/option><option value=\"12313\">Basisopleiding manueel hanteren van lasten<\/option><option value=\"12315\">Basisopleiding montage en gebruik van vaste en mobiele stellingen<\/option><option value=\"11969\">Basisopleiding rolbrugbestuurder met afstandsbediening<\/option><option value=\"12308\">Basisopleiding vaardigheden hoogwerker : schaar en\/of knik- of telescopische arm<\/option><option value=\"12310\">Basisopleiding vaardigheden hoogwerker : schaar en\/of knik- of telescopische arm<\/option><option value=\"12324\">Basisopleiding VCA<\/option><option value=\"12328\">Basisopleiding VCA kader<\/option><option value=\"11779\">Basisopleiding vorkheftruckbestuurder frontaal en Retrack<\/option><option value=\"12312\">Bijscholing Aanslaan van lasten<\/option><option value=\"12331\">Bijscholing bestuurder pallet truck \/ stapelaar<\/option><option value=\"11772\">Bijscholing eerste hulp in de industrie en bedrijven<\/option><option value=\"11774\">Bijscholing eerste hulp in de industrie en bedrijven<\/option><option value=\"12321\">Bijscholing rolbrugbestuurder met afstandsbediening<\/option><option value=\"12322\">Bijscholing rolbrugbestuurder met afstandsbediening<\/option><option value=\"12330\">Bijscholing vaardigheden hoogwerker : schaar en\/of knik- of telescopische arm<\/option><option value=\"11939\">Bijscholing vorkheftruckbestuurder frontaal en Retrack<\/option><option value=\"11970\">Opleiding BA4<\/option><option value=\"11974\">Opleiding BA5<\/option><option value=\"11775\">Opleiding defibrillator<\/option><option value=\"11462\">Opleiding eerste hulp in de industrie en bedrijven<\/option><option value=\"11489\">Opleiding eerste hulp in de industrie en bedrijven<\/option><option value=\"11438\">Opleiding interventieploeglid lichte blusmiddelen<\/option><option value=\"11938\">Opleiding vorkheftruckbestuurder met beperkte ervaring frontaal en Retrack<\/option><option value=\"12318\">Opleiding werken op hoogte met redding<\/option><option value=\"12323\">Sensibilisatie eerste zorgen<\/option><\/select>\n      \n      \n      \n    <\/div>\n    \n    <div class=\"wp-block-column\">\n      <input type=\"button\" class=\"wpv-reset-trigger js-wpv-reset-trigger btn\" name=\"wpv_filter_reset\" value=\"Reset\" \/><span style=\"display:none\" class=\"js-wpv-dps-spinner\"><img decoding=\"async\" src=\"https:\/\/guest3.dindesign.be\/wp-content\/plugins\/toolset-blocks\/embedded\/res\/img\/ajax-loader.svg\" \/><\/span>\n      \n      <input type=\"submit\" class=\"btn-secondary wpv-submit-trigger js-wpv-submit-trigger btn\" name=\"wpv_filter_submit\" value=\"Filtrer\" \/>\n    <\/div>\n  <\/div>\n<\/div>\n<\/form>\n\n<div id=\"wpv-view-layout-10296\" class=\"js-wpv-view-layout js-wpv-layout-responsive js-wpv-view-layout-10296\" data-viewnumber=\"10296\" data-pagination=\"{&quot;id&quot;:10296,&quot;query&quot;:&quot;normal&quot;,&quot;type&quot;:&quot;disabled&quot;,&quot;effect&quot;:&quot;fade&quot;,&quot;duration&quot;:500,&quot;speed&quot;:5,&quot;pause_on_hover&quot;:&quot;disabled&quot;,&quot;stop_rollover&quot;:&quot;false&quot;,&quot;cache_pages&quot;:&quot;enabled&quot;,&quot;preload_images&quot;:&quot;enabled&quot;,&quot;preload_pages&quot;:&quot;enabled&quot;,&quot;preload_reach&quot;:1,&quot;spinner&quot;:&quot;builtin&quot;,&quot;spinner_image&quot;:&quot;https:\/\/guest3.dindesign.be\/wp-content\/plugins\/toolset-blocks\/embedded\/res\/img\/ajax-loader.gif&quot;,&quot;callback_next&quot;:&quot;&quot;,&quot;manage_history&quot;:&quot;disabled&quot;,&quot;has_controls_in_form&quot;:&quot;disabled&quot;,&quot;infinite_tolerance&quot;:&quot;0&quot;,&quot;max_pages&quot;:0,&quot;page&quot;:1,&quot;base_permalink&quot;:&quot;\/nl\/wp-json\/wp\/v2\/pages\/11355?wpv_view_count=10296&amp;wpv_paged=WPV_PAGE_NUM&quot;,&quot;loop&quot;:{&quot;type&quot;:&quot;&quot;,&quot;name&quot;:&quot;&quot;,&quot;data&quot;:[],&quot;id&quot;:0}}\" data-permalink=\"\/nl\/wp-json\/wp\/v2\/pages\/11355?wpv_view_count=10296\">\n\n\t\n\t\n\t\t<strong>No items found<\/strong>\n\t\n<\/div>\n<\/div>\n<\/div><\/div>\n\n\n\n<div class=\"wp-block-column is-layout-flow wp-block-column-is-layout-flow\" style=\"flex-basis:33.33%\">\n<div class=\"wp-block-buttons is-vertical is-content-justification-center is-layout-flex wp-container-core-buttons-is-layout-ce155fab wp-block-buttons-is-layout-flex\">\n<div class=\"wp-block-button\"><a class=\"wp-block-button__link wp-element-button\" href=\"https:\/\/guest-safety.com\/wp-content\/uploads\/2025\/07\/Guest_Safety-calendrier-2025-1er-semestre-0206.pdf\">Download de agenda (PDF)<\/a><\/div>\n<\/div>\n\n\n\n<div class=\"wp-block-columns is-layout-flex wp-container-core-columns-is-layout-28f84493 wp-block-columns-is-layout-flex\">\n<div class=\"wp-block-column bloc-content is-layout-flow wp-block-column-is-layout-flow\">\n<h3 class=\"wp-block-heading\"><strong>Une formation&nbsp;sur mesure?<\/strong><\/h3>\n\n\n\n<p>GUEST vous accompagne \u00e9galement dans le contexte de formation adapt\u00e9e sur mesure<\/p>\n\n\n\n<p>Nous analysons avec vous les besoins et vos attentes. Nous construisons ensuite un programme \u00e0 la carte tenant compte des imp\u00e9ratifs de l\u2019entreprise, les disponibilit\u00e9s du personnel \u00e0 former, les sp\u00e9cificit\u00e9s du mat\u00e9riel, des engins et des b\u00e2timents.<\/p>\n\n\n\n<p>Les objectifs poursuivis sont d\u00e9finis de commun accord et les aptitudes et comp\u00e9tences sont valid\u00e9es suivant un cahier des charges clair et structur\u00e9.<\/p>\n\n\n\n<p>Nos formateurs s\u2019adaptent alors au programme convenu et adoptent une p\u00e9dagogie adapt\u00e9e au public \u00e0 former, sensibiliser.<\/p>\n\n\n\n<p><strong>Contactez-nous pour construire ensemble votre programme.<\/strong><\/p>\n<\/div>\n<\/div>\n\n\n\n<div class=\"wp-block-buttons is-layout-flex wp-block-buttons-is-layout-flex\">\n<div class=\"wp-block-button bt-guest-noir\"><a class=\"wp-block-button__link\" href=\"https:\/\/guest-safety.com\/nl\/contacteer-ons\/\" style=\"border-radius:3px\">Contactez-nous<\/a><\/div>\n<\/div>\n<\/div>\n<\/div>\n","protected":false},"excerpt":{"rendered":"Filtrer l'agenda des formations Cat\u00e9gorie de formationsFormation au travail en espaces dangereuxFormation conduite des engins de chantierFormation en manutention m\u00e9canique des chargesFormation en pr\u00e9ventionFormation incendie & \u00e9vacuationFormation li\u00e9es \u00e0 l\u2019ErgonomieFormation Produits dangereuxFormation Risques \u00e9lectriquesFormation Risques psychosociauxFormation secourismeFormation travail en hauteurFormation VCA Types de formationsExamenFormation de basePerfectionnementRattrapageRecyclageSensibilisationValidation des comp\u00e9tences Nom de la formationBasisopleiding Aanslaan van lastenBasisopleiding [...]","protected":false},"author":4,"featured_media":0,"parent":0,"menu_order":0,"comment_status":"closed","ping_status":"closed","template":"","meta":{"_uag_custom_page_level_css":"","site-sidebar-layout":"default","site-content-layout":"plain-container","ast-site-content-layout":"normal-width-container","site-content-style":"unboxed","site-sidebar-style":"unboxed","ast-global-header-display":"","ast-banner-title-visibility":"","ast-main-header-display":"","ast-hfb-above-header-display":"","ast-hfb-below-header-display":"","ast-hfb-mobile-header-display":"","site-post-title":"","ast-breadcrumbs-content":"","ast-featured-img":"","footer-sml-layout":"","ast-disable-related-posts":"","theme-transparent-header-meta":"default","adv-header-id-meta":"","stick-header-meta":"default","header-above-stick-meta":"","header-main-stick-meta":"","header-below-stick-meta":"","astra-migrate-meta-layouts":"set","ast-page-background-enabled":"default","ast-page-background-meta":{"desktop":{"background-color":"","background-image":"","background-repeat":"repeat","background-position":"center center","background-size":"auto","background-attachment":"scroll","background-type":"","background-media":"","overlay-type":"","overlay-color":"","overlay-opacity":"","overlay-gradient":""},"tablet":{"background-color":"","background-image":"","background-repeat":"repeat","background-position":"center center","background-size":"auto","background-attachment":"scroll","background-type":"","background-media":"","overlay-type":"","overlay-color":"","overlay-opacity":"","overlay-gradient":""},"mobile":{"background-color":"","background-image":"","background-repeat":"repeat","background-position":"center center","background-size":"auto","background-attachment":"scroll","background-type":"","background-media":"","overlay-type":"","overlay-color":"","overlay-opacity":"","overlay-gradient":""}},"ast-content-background-meta":{"desktop":{"background-color":"var(--ast-global-color-5)","background-image":"","background-repeat":"repeat","background-position":"center center","background-size":"auto","background-attachment":"scroll","background-type":"","background-media":"","overlay-type":"","overlay-color":"","overlay-opacity":"","overlay-gradient":""},"tablet":{"background-color":"var(--ast-global-color-5)","background-image":"","background-repeat":"repeat","background-position":"center center","background-size":"auto","background-attachment":"scroll","background-type":"","background-media":"","overlay-type":"","overlay-color":"","overlay-opacity":"","overlay-gradient":""},"mobile":{"background-color":"var(--ast-global-color-5)","background-image":"","background-repeat":"repeat","background-position":"center center","background-size":"auto","background-attachment":"scroll","background-type":"","background-media":"","overlay-type":"","overlay-color":"","overlay-opacity":"","overlay-gradient":""}},"footnotes":""},"categories":[],"class_list":["post-11355","page","type-page","status-publish","hentry"],"yoast_head":"<!-- This site is optimized with the Yoast SEO plugin v26.8 - https:\/\/yoast.com\/product\/yoast-seo-wordpress\/ -->\n<title>Trainingsagenda - Guest Safety<\/title>\n<meta name=\"robots\" content=\"index, follow, max-snippet:-1, max-image-preview:large, max-video-preview:-1\" \/>\n<link rel=\"canonical\" href=\"https:\/\/guest-safety.com\/nl\/trainingsagenda\/\" \/>\n<meta property=\"og:locale\" content=\"nl_NL\" \/>\n<meta property=\"og:type\" content=\"article\" \/>\n<meta property=\"og:title\" content=\"Trainingsagenda - Guest Safety\" \/>\n<meta property=\"og:url\" content=\"https:\/\/guest-safety.com\/nl\/trainingsagenda\/\" \/>\n<meta property=\"og:site_name\" content=\"Guest Safety\" \/>\n<meta property=\"article:modified_time\" content=\"2025-07-16T21:28:46+00:00\" \/>\n<meta name=\"twitter:card\" content=\"summary_large_image\" \/>\n<meta name=\"twitter:label1\" content=\"Geschatte leestijd\" \/>\n\t<meta name=\"twitter:data1\" content=\"1 minuut\" \/>\n<script type=\"application\/ld+json\" class=\"yoast-schema-graph\">{\"@context\":\"https:\/\/schema.org\",\"@graph\":[{\"@type\":\"WebPage\",\"@id\":\"https:\/\/guest-safety.com\/nl\/trainingsagenda\/\",\"url\":\"https:\/\/guest-safety.com\/nl\/trainingsagenda\/\",\"name\":\"Trainingsagenda - Guest Safety\",\"isPartOf\":{\"@id\":\"https:\/\/guest-safety.com\/nl\/#website\"},\"datePublished\":\"2022-01-06T12:08:23+00:00\",\"dateModified\":\"2025-07-16T21:28:46+00:00\",\"breadcrumb\":{\"@id\":\"https:\/\/guest-safety.com\/nl\/trainingsagenda\/#breadcrumb\"},\"inLanguage\":\"nl-NL\",\"potentialAction\":[{\"@type\":\"ReadAction\",\"target\":[\"https:\/\/guest-safety.com\/nl\/trainingsagenda\/\"]}]},{\"@type\":\"BreadcrumbList\",\"@id\":\"https:\/\/guest-safety.com\/nl\/trainingsagenda\/#breadcrumb\",\"itemListElement\":[{\"@type\":\"ListItem\",\"position\":1,\"name\":\"Home\",\"item\":\"https:\/\/guest-safety.com\/nl\/\"},{\"@type\":\"ListItem\",\"position\":2,\"name\":\"Trainingsagenda\"}]},{\"@type\":\"WebSite\",\"@id\":\"https:\/\/guest-safety.com\/nl\/#website\",\"url\":\"https:\/\/guest-safety.com\/nl\/\",\"name\":\"Guest Safety\",\"description\":\"Centre de formation en pr\u00e9vention et s\u00e9curit\u00e9 au travail\",\"publisher\":{\"@id\":\"https:\/\/guest-safety.com\/nl\/#organization\"},\"potentialAction\":[{\"@type\":\"SearchAction\",\"target\":{\"@type\":\"EntryPoint\",\"urlTemplate\":\"https:\/\/guest-safety.com\/nl\/?s={search_term_string}\"},\"query-input\":{\"@type\":\"PropertyValueSpecification\",\"valueRequired\":true,\"valueName\":\"search_term_string\"}}],\"inLanguage\":\"nl-NL\"},{\"@type\":\"Organization\",\"@id\":\"https:\/\/guest-safety.com\/nl\/#organization\",\"name\":\"Guest Safety\",\"url\":\"https:\/\/guest-safety.com\/nl\/\",\"logo\":{\"@type\":\"ImageObject\",\"inLanguage\":\"nl-NL\",\"@id\":\"https:\/\/guest-safety.com\/nl\/#\/schema\/logo\/image\/\",\"url\":\"https:\/\/guest-safety.com\/wp-content\/uploads\/2021\/02\/cropped-logo-guest-safety-1.png\",\"contentUrl\":\"https:\/\/guest-safety.com\/wp-content\/uploads\/2021\/02\/cropped-logo-guest-safety-1.png\",\"width\":494,\"height\":176,\"caption\":\"Guest Safety\"},\"image\":{\"@id\":\"https:\/\/guest-safety.com\/nl\/#\/schema\/logo\/image\/\"}}]}<\/script>\n<!-- \/ Yoast SEO plugin. -->","yoast_head_json":{"title":"Trainingsagenda - Guest Safety","robots":{"index":"index","follow":"follow","max-snippet":"max-snippet:-1","max-image-preview":"max-image-preview:large","max-video-preview":"max-video-preview:-1"},"canonical":"https:\/\/guest-safety.com\/nl\/trainingsagenda\/","og_locale":"nl_NL","og_type":"article","og_title":"Trainingsagenda - Guest Safety","og_url":"https:\/\/guest-safety.com\/nl\/trainingsagenda\/","og_site_name":"Guest Safety","article_modified_time":"2025-07-16T21:28:46+00:00","twitter_card":"summary_large_image","twitter_misc":{"Geschatte leestijd":"1 minuut"},"schema":{"@context":"https:\/\/schema.org","@graph":[{"@type":"WebPage","@id":"https:\/\/guest-safety.com\/nl\/trainingsagenda\/","url":"https:\/\/guest-safety.com\/nl\/trainingsagenda\/","name":"Trainingsagenda - Guest Safety","isPartOf":{"@id":"https:\/\/guest-safety.com\/nl\/#website"},"datePublished":"2022-01-06T12:08:23+00:00","dateModified":"2025-07-16T21:28:46+00:00","breadcrumb":{"@id":"https:\/\/guest-safety.com\/nl\/trainingsagenda\/#breadcrumb"},"inLanguage":"nl-NL","potentialAction":[{"@type":"ReadAction","target":["https:\/\/guest-safety.com\/nl\/trainingsagenda\/"]}]},{"@type":"BreadcrumbList","@id":"https:\/\/guest-safety.com\/nl\/trainingsagenda\/#breadcrumb","itemListElement":[{"@type":"ListItem","position":1,"name":"Home","item":"https:\/\/guest-safety.com\/nl\/"},{"@type":"ListItem","position":2,"name":"Trainingsagenda"}]},{"@type":"WebSite","@id":"https:\/\/guest-safety.com\/nl\/#website","url":"https:\/\/guest-safety.com\/nl\/","name":"Guest Safety","description":"Centre de formation en pr\u00e9vention et s\u00e9curit\u00e9 au travail","publisher":{"@id":"https:\/\/guest-safety.com\/nl\/#organization"},"potentialAction":[{"@type":"SearchAction","target":{"@type":"EntryPoint","urlTemplate":"https:\/\/guest-safety.com\/nl\/?s={search_term_string}"},"query-input":{"@type":"PropertyValueSpecification","valueRequired":true,"valueName":"search_term_string"}}],"inLanguage":"nl-NL"},{"@type":"Organization","@id":"https:\/\/guest-safety.com\/nl\/#organization","name":"Guest Safety","url":"https:\/\/guest-safety.com\/nl\/","logo":{"@type":"ImageObject","inLanguage":"nl-NL","@id":"https:\/\/guest-safety.com\/nl\/#\/schema\/logo\/image\/","url":"https:\/\/guest-safety.com\/wp-content\/uploads\/2021\/02\/cropped-logo-guest-safety-1.png","contentUrl":"https:\/\/guest-safety.com\/wp-content\/uploads\/2021\/02\/cropped-logo-guest-safety-1.png","width":494,"height":176,"caption":"Guest Safety"},"image":{"@id":"https:\/\/guest-safety.com\/nl\/#\/schema\/logo\/image\/"}}]}},"uagb_featured_image_src":{"full":false,"thumbnail":false,"medium":false,"medium_large":false,"large":false,"1536x1536":false,"2048x2048":false},"uagb_author_info":{"display_name":"Christophe Huget","author_link":"https:\/\/guest-safety.com\/nl\/author\/big-moustache\/"},"uagb_comment_info":0,"uagb_excerpt":null,"_links":{"self":[{"href":"https:\/\/guest-safety.com\/nl\/wp-json\/wp\/v2\/pages\/11355","targetHints":{"allow":["GET"]}}],"collection":[{"href":"https:\/\/guest-safety.com\/nl\/wp-json\/wp\/v2\/pages"}],"about":[{"href":"https:\/\/guest-safety.com\/nl\/wp-json\/wp\/v2\/types\/page"}],"author":[{"embeddable":true,"href":"https:\/\/guest-safety.com\/nl\/wp-json\/wp\/v2\/users\/4"}],"replies":[{"embeddable":true,"href":"https:\/\/guest-safety.com\/nl\/wp-json\/wp\/v2\/comments?post=11355"}],"version-history":[{"count":10,"href":"https:\/\/guest-safety.com\/nl\/wp-json\/wp\/v2\/pages\/11355\/revisions"}],"predecessor-version":[{"id":14447,"href":"https:\/\/guest-safety.com\/nl\/wp-json\/wp\/v2\/pages\/11355\/revisions\/14447"}],"wp:attachment":[{"href":"https:\/\/guest-safety.com\/nl\/wp-json\/wp\/v2\/media?parent=11355"}],"wp:term":[{"taxonomy":"category","embeddable":true,"href":"https:\/\/guest-safety.com\/nl\/wp-json\/wp\/v2\/categories?post=11355"}],"curies":[{"name":"wp","href":"https:\/\/api.w.org\/{rel}","templated":true}]}}