{"id":11359,"date":"2022-01-06T13:11:11","date_gmt":"2022-01-06T12:11:11","guid":{"rendered":"https:\/\/guest-safety.com\/algemene-voorwaarden\/"},"modified":"2023-01-26T17:41:42","modified_gmt":"2023-01-26T16:41:42","slug":"algemene-voorwaarden","status":"publish","type":"page","link":"https:\/\/guest-safety.com\/nl\/algemene-voorwaarden\/","title":{"rendered":"Algemene voorwaarden"},"content":{"rendered":"<div class=\"wpb-content-wrapper\"><p>[vc_row][vc_column el_class=&#8221;bloc-content&#8221;][vc_column_text]<\/p>\n<div class=\"wpb_text_column wpb_content_element \">\n<div class=\"wpb_wrapper\">\n<div class=\"entry-content clear\">\n<div class=\"vc_row wpb_row vc_row-fluid\">\n<div class=\"wpb_column vc_column_container vc_col-sm-12\">\n<div class=\"vc_column-inner\">\n<div class=\"wpb_wrapper\">\n<div class=\"wpb_text_column wpb_content_element \">\n<div class=\"wpb_wrapper\">\n<h3><span id=\"page231R_mcid1\" class=\"markedContent\"><span dir=\"ltr\" role=\"presentation\">1. Algemeen<br \/>\n<\/span><\/span><\/h3>\n<div><span id=\"page231R_mcid2\" class=\"markedContent\"><\/span>onderhavige algemene voorwaarden. Bijzondere afwijkende voorwaarden zullen slechts aan de NV GUEST kunnen worden tegengeworpen indien zij uitdrukkelijk aanvaard werden door de NV GUEST en opgenomen zijn in een geschreven document.<\/div>\n<div><\/div>\n<h3><span id=\"page231R_mcid7\" class=\"markedContent\"><span dir=\"ltr\" role=\"presentation\">2. <\/span><\/span>Aanbiedingen<\/h3>\n<div><span id=\"page231R_mcid9\" class=\"markedContent\"><\/span>De aanbiedingen zijn slechts geldig voor de er in vermelde duur. Ze zijn vrijblijvend tot op het ogenblik van de ondertekening van de overeenkomst door beide partijen.<\/div>\n<div><\/div>\n<h3><span id=\"page231R_mcid13\" class=\"markedContent\"><span dir=\"ltr\" role=\"presentation\">3. Prijs &#8211; betaling<\/span><\/span><span id=\"page231R_mcid14\" class=\"markedContent\"> <\/span><\/h3>\n<div><span id=\"page231R_mcid15\" class=\"markedContent\"><\/span>De contractant dient, behoudens uitdrukkelijk andersluidend beding, 50% van de overeengekomen prijs bij de bestelling van de opleiding te regelen, en het saldo (50%) uiterlijk bij de aanvang van de opleiding. In geval van niet-betaling op de vervaldag, zal het openstaande bedrag van rechtswege en zonder ingebrekestelling een conventionele nalatigheidintrest van 12% per jaar met zich brengen, alsmede de verschuldigdheid van een conventionele schadevergoeding van 10% van het openstaande bedrag, met een minimum van 75,00 \u20ac.<\/div>\n<div><\/div>\n<h3><span id=\"page231R_mcid25\" class=\"markedContent\"><span dir=\"ltr\" role=\"presentation\">4. Annulering <\/span><\/span><\/h3>\n<div><span id=\"page231R_mcid26\" class=\"markedContent\"><\/span>In geval van annulatie door de contractant voor om het even welke reden, zal de contractant een annulatievergoeding verschuldigd zijn van 50% van de overeengekomen prijs bij annulatie tot 8 kalenderdagen voor aanvang van de opleiding, en van 100% van de overeengekomen prijs bij annulatie vanaf 7 kalenderdagen voor aanvang van de opleiding.<\/div>\n<div><\/div>\n<h3><span id=\"page231R_mcid31\" class=\"markedContent\"><span dir=\"ltr\" role=\"presentation\">5. Verplichtingen van GUEST en verantwoordelijkheid<\/span><\/span><\/h3>\n<p><span id=\"page231R_mcid31\" class=\"markedContent\"><span dir=\"ltr\" role=\"presentation\">De prestaties die de NV GUEST belooft uit te voeren vertegenwoordigen voor haar de verplichting alle mogelijke en noodzakelijke inspanningen te doen en geenszins een verplichting tot het bekomen van resultaten.<\/span><\/span><\/p>\n<p><span id=\"page231R_mcid31\" class=\"markedContent\"><span dir=\"ltr\" role=\"presentation\">In geval van ongeval tijdens de lessen of tijdens de praktische oefeningen kan de NV GUEST niet aansprakelijk worden gesteld tenzij in haar hoofde of in hoofde van haar aangestelden opzet en\/of bedrog bewezen wordt. <\/span><\/span><\/p>\n<p><span id=\"page231R_mcid31\" class=\"markedContent\"><span dir=\"ltr\" role=\"presentation\">De NV GUEST kan in geen enkel geval aansprakelijk worden gesteld voor verlies en\/of diefstal van of voor beschadiging aan voorwerpen toebehorende aan de co-contractant of diens aangestelde en door deze achtergelaten in de lokalen of op de parking van de NV GUEST, die geen enkele verplichting van bewaarneming op zich neemt.<br \/>\n<\/span><\/span><\/p>\n<h3><span id=\"page231R_mcid48\" class=\"markedContent\"><span dir=\"ltr\" role=\"presentation\">6.\u00a0<\/span><\/span>Schorsing van de verplichtingen tot levering van de diensten en prestaties<\/h3>\n<p>De NV GUEST is gerechtigd haar levering van diensten en prestaties te schorsen indien de uitvoering ervan verhinderd wordt door overmacht, of door een tekortkoming in hoofde van de contractant (zoals niet-betaling van de overeengekomen prijs, \u2026).<\/p>\n<p>De NV GUEST zal eveneens haar prestaties kunnen schorsen van rechtswege en zonder ingebrekestelling in geval van verzoek om uitstel van betaling, faillissement, protest of beslag ten laste van de contractant, overlijden ervan of ontbinding van de vennootschap.<\/p>\n<h3><span id=\"page231R_mcid57\" class=\"markedContent\"><span dir=\"ltr\" role=\"presentation\">7. <\/span><\/span>Rechtsmacht en toepasselijk recht<\/h3>\n<p>Op de huidige overeenkomst en huidige algemene voorwaarden is het<br \/>\nBelgisch recht van toepassing. Elke betwisting, betreffende de uitlegging en\/of de uitvoering van huidige overeenkomst, is onderworpen aan de uitsluitende bevoegdheid van de Rechtbanken te Nijvel, en zonodig van het Vredegerecht van het Kanton Nijvel.<\/p>\n<\/div>\n<\/div>\n<\/div>\n<\/div>\n<\/div>\n<\/div>\n<\/div>\n<\/div>\n<\/div>\n<p>[\/vc_column_text][\/vc_column][\/vc_row]<\/p>\n<\/div>","protected":false},"excerpt":{"rendered":"<p>[vc_row][vc_column el_class=&#8221;bloc-content&#8221;][vc_column_text] 1. Algemeen onderhavige algemene voorwaarden. Bijzondere afwijkende voorwaarden zullen slechts aan de NV GUEST kunnen worden tegengeworpen indien zij uitdrukkelijk aanvaard werden door de NV GUEST en opgenomen zijn in een geschreven document. 2. Aanbiedingen De aanbiedingen zijn slechts geldig voor de er in vermelde duur. Ze zijn vrijblijvend tot op het ogenblik [&hellip;]<\/p>\n","protected":false},"author":4,"featured_media":0,"parent":0,"menu_order":0,"comment_status":"closed","ping_status":"closed","template":"","meta":{"_uag_custom_page_level_css":"","site-sidebar-layout":"no-sidebar","site-content-layout":"plain-container","ast-site-content-layout":"default","site-content-style":"default","site-sidebar-style":"default","ast-global-header-display":"","ast-banner-title-visibility":"","ast-main-header-display":"","ast-hfb-above-header-display":"","ast-hfb-below-header-display":"","ast-hfb-mobile-header-display":"","site-post-title":"disabled","ast-breadcrumbs-content":"","ast-featured-img":"disabled","footer-sml-layout":"","ast-disable-related-posts":"","theme-transparent-header-meta":"default","adv-header-id-meta":"","stick-header-meta":"default","header-above-stick-meta":"","header-main-stick-meta":"","header-below-stick-meta":"","astra-migrate-meta-layouts":"default","ast-page-background-enabled":"default","ast-page-background-meta":{"desktop":{"background-color":"","background-image":"","background-repeat":"repeat","background-position":"center center","background-size":"auto","background-attachment":"scroll","background-type":"","background-media":"","overlay-type":"","overlay-color":"","overlay-opacity":"","overlay-gradient":""},"tablet":{"background-color":"","background-image":"","background-repeat":"repeat","background-position":"center center","background-size":"auto","background-attachment":"scroll","background-type":"","background-media":"","overlay-type":"","overlay-color":"","overlay-opacity":"","overlay-gradient":""},"mobile":{"background-color":"","background-image":"","background-repeat":"repeat","background-position":"center center","background-size":"auto","background-attachment":"scroll","background-type":"","background-media":"","overlay-type":"","overlay-color":"","overlay-opacity":"","overlay-gradient":""}},"ast-content-background-meta":{"desktop":{"background-color":"var(--ast-global-color-5)","background-image":"","background-repeat":"repeat","background-position":"center center","background-size":"auto","background-attachment":"scroll","background-type":"","background-media":"","overlay-type":"","overlay-color":"","overlay-opacity":"","overlay-gradient":""},"tablet":{"background-color":"var(--ast-global-color-5)","background-image":"","background-repeat":"repeat","background-position":"center center","background-size":"auto","background-attachment":"scroll","background-type":"","background-media":"","overlay-type":"","overlay-color":"","overlay-opacity":"","overlay-gradient":""},"mobile":{"background-color":"var(--ast-global-color-5)","background-image":"","background-repeat":"repeat","background-position":"center center","background-size":"auto","background-attachment":"scroll","background-type":"","background-media":"","overlay-type":"","overlay-color":"","overlay-opacity":"","overlay-gradient":""}},"footnotes":""},"categories":[],"class_list":["post-11359","page","type-page","status-publish","hentry"],"yoast_head":"<!-- This site is optimized with the Yoast SEO plugin v26.8 - https:\/\/yoast.com\/product\/yoast-seo-wordpress\/ -->\n<title>Algemene voorwaarden - Guest Safety<\/title>\n<meta name=\"robots\" content=\"index, follow, max-snippet:-1, max-image-preview:large, max-video-preview:-1\" \/>\n<link rel=\"canonical\" href=\"https:\/\/guest-safety.com\/nl\/algemene-voorwaarden\/\" \/>\n<meta property=\"og:locale\" content=\"nl_NL\" \/>\n<meta property=\"og:type\" content=\"article\" \/>\n<meta property=\"og:title\" content=\"Algemene voorwaarden - Guest Safety\" \/>\n<meta property=\"og:description\" content=\"[vc_row][vc_column el_class=&#8221;bloc-content&#8221;][vc_column_text] 1. Algemeen onderhavige algemene voorwaarden. Bijzondere afwijkende voorwaarden zullen slechts aan de NV GUEST kunnen worden tegengeworpen indien zij uitdrukkelijk aanvaard werden door de NV GUEST en opgenomen zijn in een geschreven document. 2. Aanbiedingen De aanbiedingen zijn slechts geldig voor de er in vermelde duur. Ze zijn vrijblijvend tot op het ogenblik [&hellip;]\" \/>\n<meta property=\"og:url\" content=\"https:\/\/guest-safety.com\/nl\/algemene-voorwaarden\/\" \/>\n<meta property=\"og:site_name\" content=\"Guest Safety\" \/>\n<meta property=\"article:modified_time\" content=\"2023-01-26T16:41:42+00:00\" \/>\n<meta name=\"twitter:card\" content=\"summary_large_image\" \/>\n<meta name=\"twitter:label1\" content=\"Geschatte leestijd\" \/>\n\t<meta name=\"twitter:data1\" content=\"3 minuten\" \/>\n<script type=\"application\/ld+json\" class=\"yoast-schema-graph\">{\"@context\":\"https:\/\/schema.org\",\"@graph\":[{\"@type\":\"WebPage\",\"@id\":\"https:\/\/guest-safety.com\/nl\/algemene-voorwaarden\/\",\"url\":\"https:\/\/guest-safety.com\/nl\/algemene-voorwaarden\/\",\"name\":\"Algemene voorwaarden - Guest Safety\",\"isPartOf\":{\"@id\":\"https:\/\/guest-safety.com\/nl\/#website\"},\"datePublished\":\"2022-01-06T12:11:11+00:00\",\"dateModified\":\"2023-01-26T16:41:42+00:00\",\"breadcrumb\":{\"@id\":\"https:\/\/guest-safety.com\/nl\/algemene-voorwaarden\/#breadcrumb\"},\"inLanguage\":\"nl-NL\",\"potentialAction\":[{\"@type\":\"ReadAction\",\"target\":[\"https:\/\/guest-safety.com\/nl\/algemene-voorwaarden\/\"]}]},{\"@type\":\"BreadcrumbList\",\"@id\":\"https:\/\/guest-safety.com\/nl\/algemene-voorwaarden\/#breadcrumb\",\"itemListElement\":[{\"@type\":\"ListItem\",\"position\":1,\"name\":\"Home\",\"item\":\"https:\/\/guest-safety.com\/nl\/\"},{\"@type\":\"ListItem\",\"position\":2,\"name\":\"Algemene voorwaarden\"}]},{\"@type\":\"WebSite\",\"@id\":\"https:\/\/guest-safety.com\/nl\/#website\",\"url\":\"https:\/\/guest-safety.com\/nl\/\",\"name\":\"Guest Safety\",\"description\":\"Centre de formation en pr\u00e9vention et s\u00e9curit\u00e9 au travail\",\"publisher\":{\"@id\":\"https:\/\/guest-safety.com\/nl\/#organization\"},\"potentialAction\":[{\"@type\":\"SearchAction\",\"target\":{\"@type\":\"EntryPoint\",\"urlTemplate\":\"https:\/\/guest-safety.com\/nl\/?s={search_term_string}\"},\"query-input\":{\"@type\":\"PropertyValueSpecification\",\"valueRequired\":true,\"valueName\":\"search_term_string\"}}],\"inLanguage\":\"nl-NL\"},{\"@type\":\"Organization\",\"@id\":\"https:\/\/guest-safety.com\/nl\/#organization\",\"name\":\"Guest Safety\",\"url\":\"https:\/\/guest-safety.com\/nl\/\",\"logo\":{\"@type\":\"ImageObject\",\"inLanguage\":\"nl-NL\",\"@id\":\"https:\/\/guest-safety.com\/nl\/#\/schema\/logo\/image\/\",\"url\":\"https:\/\/guest-safety.com\/wp-content\/uploads\/2021\/02\/cropped-logo-guest-safety-1.png\",\"contentUrl\":\"https:\/\/guest-safety.com\/wp-content\/uploads\/2021\/02\/cropped-logo-guest-safety-1.png\",\"width\":494,\"height\":176,\"caption\":\"Guest Safety\"},\"image\":{\"@id\":\"https:\/\/guest-safety.com\/nl\/#\/schema\/logo\/image\/\"}}]}<\/script>\n<!-- \/ Yoast SEO plugin. -->","yoast_head_json":{"title":"Algemene voorwaarden - Guest Safety","robots":{"index":"index","follow":"follow","max-snippet":"max-snippet:-1","max-image-preview":"max-image-preview:large","max-video-preview":"max-video-preview:-1"},"canonical":"https:\/\/guest-safety.com\/nl\/algemene-voorwaarden\/","og_locale":"nl_NL","og_type":"article","og_title":"Algemene voorwaarden - Guest Safety","og_description":"[vc_row][vc_column el_class=&#8221;bloc-content&#8221;][vc_column_text] 1. Algemeen onderhavige algemene voorwaarden. Bijzondere afwijkende voorwaarden zullen slechts aan de NV GUEST kunnen worden tegengeworpen indien zij uitdrukkelijk aanvaard werden door de NV GUEST en opgenomen zijn in een geschreven document. 2. Aanbiedingen De aanbiedingen zijn slechts geldig voor de er in vermelde duur. Ze zijn vrijblijvend tot op het ogenblik [&hellip;]","og_url":"https:\/\/guest-safety.com\/nl\/algemene-voorwaarden\/","og_site_name":"Guest Safety","article_modified_time":"2023-01-26T16:41:42+00:00","twitter_card":"summary_large_image","twitter_misc":{"Geschatte leestijd":"3 minuten"},"schema":{"@context":"https:\/\/schema.org","@graph":[{"@type":"WebPage","@id":"https:\/\/guest-safety.com\/nl\/algemene-voorwaarden\/","url":"https:\/\/guest-safety.com\/nl\/algemene-voorwaarden\/","name":"Algemene voorwaarden - Guest Safety","isPartOf":{"@id":"https:\/\/guest-safety.com\/nl\/#website"},"datePublished":"2022-01-06T12:11:11+00:00","dateModified":"2023-01-26T16:41:42+00:00","breadcrumb":{"@id":"https:\/\/guest-safety.com\/nl\/algemene-voorwaarden\/#breadcrumb"},"inLanguage":"nl-NL","potentialAction":[{"@type":"ReadAction","target":["https:\/\/guest-safety.com\/nl\/algemene-voorwaarden\/"]}]},{"@type":"BreadcrumbList","@id":"https:\/\/guest-safety.com\/nl\/algemene-voorwaarden\/#breadcrumb","itemListElement":[{"@type":"ListItem","position":1,"name":"Home","item":"https:\/\/guest-safety.com\/nl\/"},{"@type":"ListItem","position":2,"name":"Algemene voorwaarden"}]},{"@type":"WebSite","@id":"https:\/\/guest-safety.com\/nl\/#website","url":"https:\/\/guest-safety.com\/nl\/","name":"Guest Safety","description":"Centre de formation en pr\u00e9vention et s\u00e9curit\u00e9 au travail","publisher":{"@id":"https:\/\/guest-safety.com\/nl\/#organization"},"potentialAction":[{"@type":"SearchAction","target":{"@type":"EntryPoint","urlTemplate":"https:\/\/guest-safety.com\/nl\/?s={search_term_string}"},"query-input":{"@type":"PropertyValueSpecification","valueRequired":true,"valueName":"search_term_string"}}],"inLanguage":"nl-NL"},{"@type":"Organization","@id":"https:\/\/guest-safety.com\/nl\/#organization","name":"Guest Safety","url":"https:\/\/guest-safety.com\/nl\/","logo":{"@type":"ImageObject","inLanguage":"nl-NL","@id":"https:\/\/guest-safety.com\/nl\/#\/schema\/logo\/image\/","url":"https:\/\/guest-safety.com\/wp-content\/uploads\/2021\/02\/cropped-logo-guest-safety-1.png","contentUrl":"https:\/\/guest-safety.com\/wp-content\/uploads\/2021\/02\/cropped-logo-guest-safety-1.png","width":494,"height":176,"caption":"Guest Safety"},"image":{"@id":"https:\/\/guest-safety.com\/nl\/#\/schema\/logo\/image\/"}}]}},"uagb_featured_image_src":{"full":false,"thumbnail":false,"medium":false,"medium_large":false,"large":false,"1536x1536":false,"2048x2048":false},"uagb_author_info":{"display_name":"Christophe Huget","author_link":"https:\/\/guest-safety.com\/nl\/author\/big-moustache\/"},"uagb_comment_info":0,"uagb_excerpt":"[vc_row][vc_column el_class=&#8221;bloc-content&#8221;][vc_column_text] 1. Algemeen onderhavige algemene voorwaarden. Bijzondere afwijkende voorwaarden zullen slechts aan de NV GUEST kunnen worden tegengeworpen indien zij uitdrukkelijk aanvaard werden door de NV GUEST en opgenomen zijn in een geschreven document. 2. Aanbiedingen De aanbiedingen zijn slechts geldig voor de er in vermelde duur. Ze zijn vrijblijvend tot op het ogenblik&hellip;","_links":{"self":[{"href":"https:\/\/guest-safety.com\/nl\/wp-json\/wp\/v2\/pages\/11359","targetHints":{"allow":["GET"]}}],"collection":[{"href":"https:\/\/guest-safety.com\/nl\/wp-json\/wp\/v2\/pages"}],"about":[{"href":"https:\/\/guest-safety.com\/nl\/wp-json\/wp\/v2\/types\/page"}],"author":[{"embeddable":true,"href":"https:\/\/guest-safety.com\/nl\/wp-json\/wp\/v2\/users\/4"}],"replies":[{"embeddable":true,"href":"https:\/\/guest-safety.com\/nl\/wp-json\/wp\/v2\/comments?post=11359"}],"version-history":[{"count":6,"href":"https:\/\/guest-safety.com\/nl\/wp-json\/wp\/v2\/pages\/11359\/revisions"}],"predecessor-version":[{"id":12747,"href":"https:\/\/guest-safety.com\/nl\/wp-json\/wp\/v2\/pages\/11359\/revisions\/12747"}],"wp:attachment":[{"href":"https:\/\/guest-safety.com\/nl\/wp-json\/wp\/v2\/media?parent=11359"}],"wp:term":[{"taxonomy":"category","embeddable":true,"href":"https:\/\/guest-safety.com\/nl\/wp-json\/wp\/v2\/categories?post=11359"}],"curies":[{"name":"wp","href":"https:\/\/api.w.org\/{rel}","templated":true}]}}