{"id":11362,"date":"2022-01-06T13:15:19","date_gmt":"2022-01-06T12:15:19","guid":{"rendered":"https:\/\/guest-safety.com\/wie-zijn-we\/presentatie-van-guest\/"},"modified":"2022-01-06T13:15:22","modified_gmt":"2022-01-06T12:15:22","slug":"presentatie-van-guest","status":"publish","type":"page","link":"https:\/\/guest-safety.com\/nl\/wie-zijn-wij\/presentatie-van-guest\/","title":{"rendered":"Presentatie van Guest"},"content":{"rendered":"<div class=\"wpb-content-wrapper\"><p>[vc_row css=&#8221;.vc_custom_1630487843367{background-color: #ffffff !important;}&#8221; el_class=&#8221;bloc-content&#8221;][vc_column][vc_column_text]<\/p>\n<h3>Guest opleidingen &#8211; Het effici\u00ebnte gebaar integreren!<\/h3>\n<p>De algemene doelstellingen van de GUEST-opleidingen bestaan erin elke deelnemer de mogelijkheid te bieden zich bewust te worden van de bestaande gevaren in zijn dagelijkse omgeving en hem in staat te stellen te evolueren naar automatismen die minder risico&#8217;s inhouden voor hemzelf en voor zijn omgeving.<\/p>\n<p>Guest Safety, een opleidingscentrum voor preventie, veiligheid en welzijn op het werk sinds 2003, biedt uitgebreide opleidingen aan die aangepast zijn aan elke situatie op verschillende gebieden zoals VCA, elektrische risico&#8217;s, eerste hulp, brand, besturen en omgaan met machines.<\/p>\n<p>De opleidingen worden gegeven in inter-company sessies met een standaardprogramma of in intra-company sessies met een modulair en op maat gemaakt programma.<\/p>\n<p>Guest Safety is gevestigd in Marbais en is actief in Walloni\u00eb, Vlaanderen en Brussel, maar geeft sinds 2021 ook opleidingen in Luik en Doornik.[\/vc_column_text][vc_video link=&#8221;https:\/\/www.youtube.com\/watch?v=1LMMLIYmoWU&amp;t=3s&#8221;][\/vc_column][\/vc_row]<\/p>\n<\/div>","protected":false},"excerpt":{"rendered":"<p>[vc_row css=&#8221;.vc_custom_1630487843367{background-color: #ffffff !important;}&#8221; el_class=&#8221;bloc-content&#8221;][vc_column][vc_column_text] Guest opleidingen &#8211; Het effici\u00ebnte gebaar integreren! De algemene doelstellingen van de GUEST-opleidingen bestaan erin elke deelnemer de mogelijkheid te bieden zich bewust te worden van de bestaande gevaren in zijn dagelijkse omgeving en hem in staat te stellen te evolueren naar automatismen die minder risico&#8217;s inhouden voor hemzelf en [&hellip;]<\/p>\n","protected":false},"author":4,"featured_media":0,"parent":11328,"menu_order":0,"comment_status":"closed","ping_status":"closed","template":"","meta":{"_uag_custom_page_level_css":"","site-sidebar-layout":"left-sidebar","site-content-layout":"plain-container","ast-site-content-layout":"default","site-content-style":"default","site-sidebar-style":"default","ast-global-header-display":"","ast-banner-title-visibility":"","ast-main-header-display":"","ast-hfb-above-header-display":"","ast-hfb-below-header-display":"","ast-hfb-mobile-header-display":"","site-post-title":"disabled","ast-breadcrumbs-content":"","ast-featured-img":"disabled","footer-sml-layout":"","ast-disable-related-posts":"","theme-transparent-header-meta":"default","adv-header-id-meta":"","stick-header-meta":"default","header-above-stick-meta":"","header-main-stick-meta":"","header-below-stick-meta":"","astra-migrate-meta-layouts":"default","ast-page-background-enabled":"default","ast-page-background-meta":{"desktop":{"background-color":"","background-image":"","background-repeat":"repeat","background-position":"center center","background-size":"auto","background-attachment":"scroll","background-type":"","background-media":"","overlay-type":"","overlay-color":"","overlay-opacity":"","overlay-gradient":""},"tablet":{"background-color":"","background-image":"","background-repeat":"repeat","background-position":"center center","background-size":"auto","background-attachment":"scroll","background-type":"","background-media":"","overlay-type":"","overlay-color":"","overlay-opacity":"","overlay-gradient":""},"mobile":{"background-color":"","background-image":"","background-repeat":"repeat","background-position":"center center","background-size":"auto","background-attachment":"scroll","background-type":"","background-media":"","overlay-type":"","overlay-color":"","overlay-opacity":"","overlay-gradient":""}},"ast-content-background-meta":{"desktop":{"background-color":"var(--ast-global-color-5)","background-image":"","background-repeat":"repeat","background-position":"center center","background-size":"auto","background-attachment":"scroll","background-type":"","background-media":"","overlay-type":"","overlay-color":"","overlay-opacity":"","overlay-gradient":""},"tablet":{"background-color":"var(--ast-global-color-5)","background-image":"","background-repeat":"repeat","background-position":"center center","background-size":"auto","background-attachment":"scroll","background-type":"","background-media":"","overlay-type":"","overlay-color":"","overlay-opacity":"","overlay-gradient":""},"mobile":{"background-color":"var(--ast-global-color-5)","background-image":"","background-repeat":"repeat","background-position":"center center","background-size":"auto","background-attachment":"scroll","background-type":"","background-media":"","overlay-type":"","overlay-color":"","overlay-opacity":"","overlay-gradient":""}},"footnotes":""},"categories":[],"class_list":["post-11362","page","type-page","status-publish","hentry"],"yoast_head":"<!-- This site is optimized with the Yoast SEO plugin v26.8 - https:\/\/yoast.com\/product\/yoast-seo-wordpress\/ -->\n<title>Presentatie van Guest - Guest Safety<\/title>\n<meta name=\"robots\" content=\"index, follow, max-snippet:-1, max-image-preview:large, max-video-preview:-1\" \/>\n<link rel=\"canonical\" href=\"https:\/\/guest-safety.com\/nl\/wie-zijn-wij\/presentatie-van-guest\/\" \/>\n<meta property=\"og:locale\" content=\"nl_NL\" \/>\n<meta property=\"og:type\" content=\"article\" \/>\n<meta property=\"og:title\" content=\"Presentatie van Guest - Guest Safety\" \/>\n<meta property=\"og:description\" content=\"[vc_row css=&#8221;.vc_custom_1630487843367{background-color: #ffffff !important;}&#8221; el_class=&#8221;bloc-content&#8221;][vc_column][vc_column_text] Guest opleidingen &#8211; Het effici\u00ebnte gebaar integreren! De algemene doelstellingen van de GUEST-opleidingen bestaan erin elke deelnemer de mogelijkheid te bieden zich bewust te worden van de bestaande gevaren in zijn dagelijkse omgeving en hem in staat te stellen te evolueren naar automatismen die minder risico&#8217;s inhouden voor hemzelf en [&hellip;]\" \/>\n<meta property=\"og:url\" content=\"https:\/\/guest-safety.com\/nl\/wie-zijn-wij\/presentatie-van-guest\/\" \/>\n<meta property=\"og:site_name\" content=\"Guest Safety\" \/>\n<meta property=\"article:modified_time\" content=\"2022-01-06T12:15:22+00:00\" \/>\n<meta name=\"twitter:card\" content=\"summary_large_image\" \/>\n<meta name=\"twitter:label1\" content=\"Geschatte leestijd\" \/>\n\t<meta name=\"twitter:data1\" content=\"1 minuut\" \/>\n<script type=\"application\/ld+json\" class=\"yoast-schema-graph\">{\"@context\":\"https:\/\/schema.org\",\"@graph\":[{\"@type\":\"WebPage\",\"@id\":\"https:\/\/guest-safety.com\/nl\/wie-zijn-wij\/presentatie-van-guest\/\",\"url\":\"https:\/\/guest-safety.com\/nl\/wie-zijn-wij\/presentatie-van-guest\/\",\"name\":\"Presentatie van Guest - Guest Safety\",\"isPartOf\":{\"@id\":\"https:\/\/guest-safety.com\/nl\/#website\"},\"datePublished\":\"2022-01-06T12:15:19+00:00\",\"dateModified\":\"2022-01-06T12:15:22+00:00\",\"breadcrumb\":{\"@id\":\"https:\/\/guest-safety.com\/nl\/wie-zijn-wij\/presentatie-van-guest\/#breadcrumb\"},\"inLanguage\":\"nl-NL\",\"potentialAction\":[{\"@type\":\"ReadAction\",\"target\":[\"https:\/\/guest-safety.com\/nl\/wie-zijn-wij\/presentatie-van-guest\/\"]}]},{\"@type\":\"BreadcrumbList\",\"@id\":\"https:\/\/guest-safety.com\/nl\/wie-zijn-wij\/presentatie-van-guest\/#breadcrumb\",\"itemListElement\":[{\"@type\":\"ListItem\",\"position\":1,\"name\":\"Home\",\"item\":\"https:\/\/guest-safety.com\/nl\/\"},{\"@type\":\"ListItem\",\"position\":2,\"name\":\"Wie zijn wij ?\",\"item\":\"https:\/\/guest-safety.com\/nl\/qui-sommes-nous\/\"},{\"@type\":\"ListItem\",\"position\":3,\"name\":\"Presentatie van Guest\"}]},{\"@type\":\"WebSite\",\"@id\":\"https:\/\/guest-safety.com\/nl\/#website\",\"url\":\"https:\/\/guest-safety.com\/nl\/\",\"name\":\"Guest Safety\",\"description\":\"Centre de formation en pr\u00e9vention et s\u00e9curit\u00e9 au travail\",\"publisher\":{\"@id\":\"https:\/\/guest-safety.com\/nl\/#organization\"},\"potentialAction\":[{\"@type\":\"SearchAction\",\"target\":{\"@type\":\"EntryPoint\",\"urlTemplate\":\"https:\/\/guest-safety.com\/nl\/?s={search_term_string}\"},\"query-input\":{\"@type\":\"PropertyValueSpecification\",\"valueRequired\":true,\"valueName\":\"search_term_string\"}}],\"inLanguage\":\"nl-NL\"},{\"@type\":\"Organization\",\"@id\":\"https:\/\/guest-safety.com\/nl\/#organization\",\"name\":\"Guest Safety\",\"url\":\"https:\/\/guest-safety.com\/nl\/\",\"logo\":{\"@type\":\"ImageObject\",\"inLanguage\":\"nl-NL\",\"@id\":\"https:\/\/guest-safety.com\/nl\/#\/schema\/logo\/image\/\",\"url\":\"https:\/\/guest-safety.com\/wp-content\/uploads\/2021\/02\/cropped-logo-guest-safety-1.png\",\"contentUrl\":\"https:\/\/guest-safety.com\/wp-content\/uploads\/2021\/02\/cropped-logo-guest-safety-1.png\",\"width\":494,\"height\":176,\"caption\":\"Guest Safety\"},\"image\":{\"@id\":\"https:\/\/guest-safety.com\/nl\/#\/schema\/logo\/image\/\"}}]}<\/script>\n<!-- \/ Yoast SEO plugin. -->","yoast_head_json":{"title":"Presentatie van Guest - Guest Safety","robots":{"index":"index","follow":"follow","max-snippet":"max-snippet:-1","max-image-preview":"max-image-preview:large","max-video-preview":"max-video-preview:-1"},"canonical":"https:\/\/guest-safety.com\/nl\/wie-zijn-wij\/presentatie-van-guest\/","og_locale":"nl_NL","og_type":"article","og_title":"Presentatie van Guest - Guest Safety","og_description":"[vc_row css=&#8221;.vc_custom_1630487843367{background-color: #ffffff !important;}&#8221; el_class=&#8221;bloc-content&#8221;][vc_column][vc_column_text] Guest opleidingen &#8211; Het effici\u00ebnte gebaar integreren! De algemene doelstellingen van de GUEST-opleidingen bestaan erin elke deelnemer de mogelijkheid te bieden zich bewust te worden van de bestaande gevaren in zijn dagelijkse omgeving en hem in staat te stellen te evolueren naar automatismen die minder risico&#8217;s inhouden voor hemzelf en [&hellip;]","og_url":"https:\/\/guest-safety.com\/nl\/wie-zijn-wij\/presentatie-van-guest\/","og_site_name":"Guest Safety","article_modified_time":"2022-01-06T12:15:22+00:00","twitter_card":"summary_large_image","twitter_misc":{"Geschatte leestijd":"1 minuut"},"schema":{"@context":"https:\/\/schema.org","@graph":[{"@type":"WebPage","@id":"https:\/\/guest-safety.com\/nl\/wie-zijn-wij\/presentatie-van-guest\/","url":"https:\/\/guest-safety.com\/nl\/wie-zijn-wij\/presentatie-van-guest\/","name":"Presentatie van Guest - Guest Safety","isPartOf":{"@id":"https:\/\/guest-safety.com\/nl\/#website"},"datePublished":"2022-01-06T12:15:19+00:00","dateModified":"2022-01-06T12:15:22+00:00","breadcrumb":{"@id":"https:\/\/guest-safety.com\/nl\/wie-zijn-wij\/presentatie-van-guest\/#breadcrumb"},"inLanguage":"nl-NL","potentialAction":[{"@type":"ReadAction","target":["https:\/\/guest-safety.com\/nl\/wie-zijn-wij\/presentatie-van-guest\/"]}]},{"@type":"BreadcrumbList","@id":"https:\/\/guest-safety.com\/nl\/wie-zijn-wij\/presentatie-van-guest\/#breadcrumb","itemListElement":[{"@type":"ListItem","position":1,"name":"Home","item":"https:\/\/guest-safety.com\/nl\/"},{"@type":"ListItem","position":2,"name":"Wie zijn wij ?","item":"https:\/\/guest-safety.com\/nl\/qui-sommes-nous\/"},{"@type":"ListItem","position":3,"name":"Presentatie van Guest"}]},{"@type":"WebSite","@id":"https:\/\/guest-safety.com\/nl\/#website","url":"https:\/\/guest-safety.com\/nl\/","name":"Guest Safety","description":"Centre de formation en pr\u00e9vention et s\u00e9curit\u00e9 au travail","publisher":{"@id":"https:\/\/guest-safety.com\/nl\/#organization"},"potentialAction":[{"@type":"SearchAction","target":{"@type":"EntryPoint","urlTemplate":"https:\/\/guest-safety.com\/nl\/?s={search_term_string}"},"query-input":{"@type":"PropertyValueSpecification","valueRequired":true,"valueName":"search_term_string"}}],"inLanguage":"nl-NL"},{"@type":"Organization","@id":"https:\/\/guest-safety.com\/nl\/#organization","name":"Guest Safety","url":"https:\/\/guest-safety.com\/nl\/","logo":{"@type":"ImageObject","inLanguage":"nl-NL","@id":"https:\/\/guest-safety.com\/nl\/#\/schema\/logo\/image\/","url":"https:\/\/guest-safety.com\/wp-content\/uploads\/2021\/02\/cropped-logo-guest-safety-1.png","contentUrl":"https:\/\/guest-safety.com\/wp-content\/uploads\/2021\/02\/cropped-logo-guest-safety-1.png","width":494,"height":176,"caption":"Guest Safety"},"image":{"@id":"https:\/\/guest-safety.com\/nl\/#\/schema\/logo\/image\/"}}]}},"uagb_featured_image_src":{"full":false,"thumbnail":false,"medium":false,"medium_large":false,"large":false,"1536x1536":false,"2048x2048":false},"uagb_author_info":{"display_name":"Christophe Huget","author_link":"https:\/\/guest-safety.com\/nl\/author\/big-moustache\/"},"uagb_comment_info":0,"uagb_excerpt":"[vc_row css=&#8221;.vc_custom_1630487843367{background-color: #ffffff !important;}&#8221; el_class=&#8221;bloc-content&#8221;][vc_column][vc_column_text] Guest opleidingen &#8211; Het effici\u00ebnte gebaar integreren! De algemene doelstellingen van de GUEST-opleidingen bestaan erin elke deelnemer de mogelijkheid te bieden zich bewust te worden van de bestaande gevaren in zijn dagelijkse omgeving en hem in staat te stellen te evolueren naar automatismen die minder risico&#8217;s inhouden voor hemzelf en&hellip;","_links":{"self":[{"href":"https:\/\/guest-safety.com\/nl\/wp-json\/wp\/v2\/pages\/11362","targetHints":{"allow":["GET"]}}],"collection":[{"href":"https:\/\/guest-safety.com\/nl\/wp-json\/wp\/v2\/pages"}],"about":[{"href":"https:\/\/guest-safety.com\/nl\/wp-json\/wp\/v2\/types\/page"}],"author":[{"embeddable":true,"href":"https:\/\/guest-safety.com\/nl\/wp-json\/wp\/v2\/users\/4"}],"replies":[{"embeddable":true,"href":"https:\/\/guest-safety.com\/nl\/wp-json\/wp\/v2\/comments?post=11362"}],"version-history":[{"count":3,"href":"https:\/\/guest-safety.com\/nl\/wp-json\/wp\/v2\/pages\/11362\/revisions"}],"predecessor-version":[{"id":12415,"href":"https:\/\/guest-safety.com\/nl\/wp-json\/wp\/v2\/pages\/11362\/revisions\/12415"}],"up":[{"embeddable":true,"href":"https:\/\/guest-safety.com\/nl\/wp-json\/wp\/v2\/pages\/11328"}],"wp:attachment":[{"href":"https:\/\/guest-safety.com\/nl\/wp-json\/wp\/v2\/media?parent=11362"}],"wp:term":[{"taxonomy":"category","embeddable":true,"href":"https:\/\/guest-safety.com\/nl\/wp-json\/wp\/v2\/categories?post=11362"}],"curies":[{"name":"wp","href":"https:\/\/api.w.org\/{rel}","templated":true}]}}