{"id":11395,"date":"2022-01-06T15:05:27","date_gmt":"2022-01-06T14:05:27","guid":{"rendered":"https:\/\/guest-safety.com\/andere-diensten\/realisation-plan-durgence\/"},"modified":"2022-01-06T15:05:27","modified_gmt":"2022-01-06T14:05:27","slug":"realisation-plan-durgence","status":"publish","type":"page","link":"https:\/\/guest-safety.com\/nl\/andere-diensten\/realisation-plan-durgence\/","title":{"rendered":"R\u00e9alisation plan d&#8217;urgence"},"content":{"rendered":"<div class=\"wpb-content-wrapper\"><p>[vc_row el_class=&#8221;bloc-content&#8221;][vc_column][vc_column_text]<strong>Comment \u00e9tablir son plan interne d\u2019urgence ?<\/strong><\/p>\n<p>R\u00e9daction et aide \u00e0 la r\u00e9daction du P.I.U. (Plan Interne d\u2019Urgence)<\/p>\n<p>Guest vous accompagne dans l\u2019\u00e9laboration de votre Plan Interne d\u2019urgence sur base des r\u00e9glementations d\u2019application pour votre activit\u00e9 et dans votre zone g\u00e9ographique.<\/p>\n<p>Nous travaillons en collaboration avec les Services Prevention des zones de secours de votre r\u00e9gion.<\/p>\n<p>Etapes abord\u00e9es lors du projet et adaptations des proc\u00e9dures.<\/p>\n<ul>\n<li>Objectifs du plan interne d\u2019urgence<\/li>\n<li>Contenu du plan interne d\u2019urgence :<\/li>\n<li>Les sc\u00e9narios<\/li>\n<li>L\u2019organisation des secours<\/li>\n<li>L\u2019analyse de risques (probabilit\u00e9 des dommages, des cons\u00e9quences pour l\u2019entreprise)<\/li>\n<li>R\u00f4les et responsabilit\u00e9s des acteurs concern\u00e9s<\/li>\n<li>D\u00e9finition du centre de crise<\/li>\n<li>Les moyens de communications \u00e0 mettre en place<\/li>\n<li>Mise en pratique et test \u00e0 echelle r\u00e9elle.<\/li>\n<\/ul>\n<p>[\/vc_column_text][\/vc_column][\/vc_row]<\/p>\n<\/div>","protected":false},"excerpt":{"rendered":"<p>[vc_row el_class=&#8221;bloc-content&#8221;][vc_column][vc_column_text]Comment \u00e9tablir son plan interne d\u2019urgence ? R\u00e9daction et aide \u00e0 la r\u00e9daction du P.I.U. (Plan Interne d\u2019Urgence) Guest vous accompagne dans l\u2019\u00e9laboration de votre Plan Interne d\u2019urgence sur base des r\u00e9glementations d\u2019application pour votre activit\u00e9 et dans votre zone g\u00e9ographique. Nous travaillons en collaboration avec les Services Prevention des zones de secours de [&hellip;]<\/p>\n","protected":false},"author":4,"featured_media":0,"parent":11310,"menu_order":0,"comment_status":"closed","ping_status":"closed","template":"","meta":{"_uag_custom_page_level_css":"","site-sidebar-layout":"left-sidebar","site-content-layout":"plain-container","ast-site-content-layout":"default","site-content-style":"default","site-sidebar-style":"default","ast-global-header-display":"","ast-banner-title-visibility":"","ast-main-header-display":"","ast-hfb-above-header-display":"","ast-hfb-below-header-display":"","ast-hfb-mobile-header-display":"","site-post-title":"disabled","ast-breadcrumbs-content":"","ast-featured-img":"disabled","footer-sml-layout":"","ast-disable-related-posts":"","theme-transparent-header-meta":"default","adv-header-id-meta":"","stick-header-meta":"default","header-above-stick-meta":"","header-main-stick-meta":"","header-below-stick-meta":"","astra-migrate-meta-layouts":"default","ast-page-background-enabled":"default","ast-page-background-meta":{"desktop":{"background-color":"","background-image":"","background-repeat":"repeat","background-position":"center center","background-size":"auto","background-attachment":"scroll","background-type":"","background-media":"","overlay-type":"","overlay-color":"","overlay-opacity":"","overlay-gradient":""},"tablet":{"background-color":"","background-image":"","background-repeat":"repeat","background-position":"center center","background-size":"auto","background-attachment":"scroll","background-type":"","background-media":"","overlay-type":"","overlay-color":"","overlay-opacity":"","overlay-gradient":""},"mobile":{"background-color":"","background-image":"","background-repeat":"repeat","background-position":"center center","background-size":"auto","background-attachment":"scroll","background-type":"","background-media":"","overlay-type":"","overlay-color":"","overlay-opacity":"","overlay-gradient":""}},"ast-content-background-meta":{"desktop":{"background-color":"var(--ast-global-color-5)","background-image":"","background-repeat":"repeat","background-position":"center center","background-size":"auto","background-attachment":"scroll","background-type":"","background-media":"","overlay-type":"","overlay-color":"","overlay-opacity":"","overlay-gradient":""},"tablet":{"background-color":"var(--ast-global-color-5)","background-image":"","background-repeat":"repeat","background-position":"center center","background-size":"auto","background-attachment":"scroll","background-type":"","background-media":"","overlay-type":"","overlay-color":"","overlay-opacity":"","overlay-gradient":""},"mobile":{"background-color":"var(--ast-global-color-5)","background-image":"","background-repeat":"repeat","background-position":"center center","background-size":"auto","background-attachment":"scroll","background-type":"","background-media":"","overlay-type":"","overlay-color":"","overlay-opacity":"","overlay-gradient":""}},"footnotes":""},"categories":[],"class_list":["post-11395","page","type-page","status-publish","hentry"],"yoast_head":"<!-- This site is optimized with the Yoast SEO plugin v26.8 - https:\/\/yoast.com\/product\/yoast-seo-wordpress\/ -->\n<title>R\u00e9alisation plan d&#039;urgence - Guest Safety<\/title>\n<meta name=\"robots\" content=\"index, follow, max-snippet:-1, max-image-preview:large, max-video-preview:-1\" \/>\n<link rel=\"canonical\" href=\"https:\/\/guest-safety.com\/nl\/andere-diensten\/realisation-plan-durgence\/\" \/>\n<meta property=\"og:locale\" content=\"nl_NL\" \/>\n<meta property=\"og:type\" content=\"article\" \/>\n<meta property=\"og:title\" content=\"R\u00e9alisation plan d&#039;urgence - Guest Safety\" \/>\n<meta property=\"og:description\" content=\"[vc_row el_class=&#8221;bloc-content&#8221;][vc_column][vc_column_text]Comment \u00e9tablir son plan interne d\u2019urgence ? R\u00e9daction et aide \u00e0 la r\u00e9daction du P.I.U. (Plan Interne d\u2019Urgence) Guest vous accompagne dans l\u2019\u00e9laboration de votre Plan Interne d\u2019urgence sur base des r\u00e9glementations d\u2019application pour votre activit\u00e9 et dans votre zone g\u00e9ographique. Nous travaillons en collaboration avec les Services Prevention des zones de secours de [&hellip;]\" \/>\n<meta property=\"og:url\" content=\"https:\/\/guest-safety.com\/nl\/andere-diensten\/realisation-plan-durgence\/\" \/>\n<meta property=\"og:site_name\" content=\"Guest Safety\" \/>\n<meta name=\"twitter:card\" content=\"summary_large_image\" \/>\n<meta name=\"twitter:label1\" content=\"Geschatte leestijd\" \/>\n\t<meta name=\"twitter:data1\" content=\"1 minuut\" \/>\n<script type=\"application\/ld+json\" class=\"yoast-schema-graph\">{\"@context\":\"https:\/\/schema.org\",\"@graph\":[{\"@type\":\"WebPage\",\"@id\":\"https:\/\/guest-safety.com\/nl\/andere-diensten\/realisation-plan-durgence\/\",\"url\":\"https:\/\/guest-safety.com\/nl\/andere-diensten\/realisation-plan-durgence\/\",\"name\":\"R\u00e9alisation plan d'urgence - Guest Safety\",\"isPartOf\":{\"@id\":\"https:\/\/guest-safety.com\/nl\/#website\"},\"datePublished\":\"2022-01-06T14:05:27+00:00\",\"breadcrumb\":{\"@id\":\"https:\/\/guest-safety.com\/nl\/andere-diensten\/realisation-plan-durgence\/#breadcrumb\"},\"inLanguage\":\"nl-NL\",\"potentialAction\":[{\"@type\":\"ReadAction\",\"target\":[\"https:\/\/guest-safety.com\/nl\/andere-diensten\/realisation-plan-durgence\/\"]}]},{\"@type\":\"BreadcrumbList\",\"@id\":\"https:\/\/guest-safety.com\/nl\/andere-diensten\/realisation-plan-durgence\/#breadcrumb\",\"itemListElement\":[{\"@type\":\"ListItem\",\"position\":1,\"name\":\"Home\",\"item\":\"https:\/\/guest-safety.com\/nl\/\"},{\"@type\":\"ListItem\",\"position\":2,\"name\":\"Andere diensten\",\"item\":\"https:\/\/guest-safety.com\/nl\/andere-diensten\/\"},{\"@type\":\"ListItem\",\"position\":3,\"name\":\"R\u00e9alisation plan d&rsquo;urgence\"}]},{\"@type\":\"WebSite\",\"@id\":\"https:\/\/guest-safety.com\/nl\/#website\",\"url\":\"https:\/\/guest-safety.com\/nl\/\",\"name\":\"Guest Safety\",\"description\":\"Centre de formation en pr\u00e9vention et s\u00e9curit\u00e9 au travail\",\"publisher\":{\"@id\":\"https:\/\/guest-safety.com\/nl\/#organization\"},\"potentialAction\":[{\"@type\":\"SearchAction\",\"target\":{\"@type\":\"EntryPoint\",\"urlTemplate\":\"https:\/\/guest-safety.com\/nl\/?s={search_term_string}\"},\"query-input\":{\"@type\":\"PropertyValueSpecification\",\"valueRequired\":true,\"valueName\":\"search_term_string\"}}],\"inLanguage\":\"nl-NL\"},{\"@type\":\"Organization\",\"@id\":\"https:\/\/guest-safety.com\/nl\/#organization\",\"name\":\"Guest Safety\",\"url\":\"https:\/\/guest-safety.com\/nl\/\",\"logo\":{\"@type\":\"ImageObject\",\"inLanguage\":\"nl-NL\",\"@id\":\"https:\/\/guest-safety.com\/nl\/#\/schema\/logo\/image\/\",\"url\":\"https:\/\/guest-safety.com\/wp-content\/uploads\/2021\/02\/cropped-logo-guest-safety-1.png\",\"contentUrl\":\"https:\/\/guest-safety.com\/wp-content\/uploads\/2021\/02\/cropped-logo-guest-safety-1.png\",\"width\":494,\"height\":176,\"caption\":\"Guest Safety\"},\"image\":{\"@id\":\"https:\/\/guest-safety.com\/nl\/#\/schema\/logo\/image\/\"}}]}<\/script>\n<!-- \/ Yoast SEO plugin. -->","yoast_head_json":{"title":"R\u00e9alisation plan d'urgence - Guest Safety","robots":{"index":"index","follow":"follow","max-snippet":"max-snippet:-1","max-image-preview":"max-image-preview:large","max-video-preview":"max-video-preview:-1"},"canonical":"https:\/\/guest-safety.com\/nl\/andere-diensten\/realisation-plan-durgence\/","og_locale":"nl_NL","og_type":"article","og_title":"R\u00e9alisation plan d'urgence - Guest Safety","og_description":"[vc_row el_class=&#8221;bloc-content&#8221;][vc_column][vc_column_text]Comment \u00e9tablir son plan interne d\u2019urgence ? R\u00e9daction et aide \u00e0 la r\u00e9daction du P.I.U. (Plan Interne d\u2019Urgence) Guest vous accompagne dans l\u2019\u00e9laboration de votre Plan Interne d\u2019urgence sur base des r\u00e9glementations d\u2019application pour votre activit\u00e9 et dans votre zone g\u00e9ographique. Nous travaillons en collaboration avec les Services Prevention des zones de secours de [&hellip;]","og_url":"https:\/\/guest-safety.com\/nl\/andere-diensten\/realisation-plan-durgence\/","og_site_name":"Guest Safety","twitter_card":"summary_large_image","twitter_misc":{"Geschatte leestijd":"1 minuut"},"schema":{"@context":"https:\/\/schema.org","@graph":[{"@type":"WebPage","@id":"https:\/\/guest-safety.com\/nl\/andere-diensten\/realisation-plan-durgence\/","url":"https:\/\/guest-safety.com\/nl\/andere-diensten\/realisation-plan-durgence\/","name":"R\u00e9alisation plan d'urgence - Guest Safety","isPartOf":{"@id":"https:\/\/guest-safety.com\/nl\/#website"},"datePublished":"2022-01-06T14:05:27+00:00","breadcrumb":{"@id":"https:\/\/guest-safety.com\/nl\/andere-diensten\/realisation-plan-durgence\/#breadcrumb"},"inLanguage":"nl-NL","potentialAction":[{"@type":"ReadAction","target":["https:\/\/guest-safety.com\/nl\/andere-diensten\/realisation-plan-durgence\/"]}]},{"@type":"BreadcrumbList","@id":"https:\/\/guest-safety.com\/nl\/andere-diensten\/realisation-plan-durgence\/#breadcrumb","itemListElement":[{"@type":"ListItem","position":1,"name":"Home","item":"https:\/\/guest-safety.com\/nl\/"},{"@type":"ListItem","position":2,"name":"Andere diensten","item":"https:\/\/guest-safety.com\/nl\/andere-diensten\/"},{"@type":"ListItem","position":3,"name":"R\u00e9alisation plan d&rsquo;urgence"}]},{"@type":"WebSite","@id":"https:\/\/guest-safety.com\/nl\/#website","url":"https:\/\/guest-safety.com\/nl\/","name":"Guest Safety","description":"Centre de formation en pr\u00e9vention et s\u00e9curit\u00e9 au travail","publisher":{"@id":"https:\/\/guest-safety.com\/nl\/#organization"},"potentialAction":[{"@type":"SearchAction","target":{"@type":"EntryPoint","urlTemplate":"https:\/\/guest-safety.com\/nl\/?s={search_term_string}"},"query-input":{"@type":"PropertyValueSpecification","valueRequired":true,"valueName":"search_term_string"}}],"inLanguage":"nl-NL"},{"@type":"Organization","@id":"https:\/\/guest-safety.com\/nl\/#organization","name":"Guest Safety","url":"https:\/\/guest-safety.com\/nl\/","logo":{"@type":"ImageObject","inLanguage":"nl-NL","@id":"https:\/\/guest-safety.com\/nl\/#\/schema\/logo\/image\/","url":"https:\/\/guest-safety.com\/wp-content\/uploads\/2021\/02\/cropped-logo-guest-safety-1.png","contentUrl":"https:\/\/guest-safety.com\/wp-content\/uploads\/2021\/02\/cropped-logo-guest-safety-1.png","width":494,"height":176,"caption":"Guest Safety"},"image":{"@id":"https:\/\/guest-safety.com\/nl\/#\/schema\/logo\/image\/"}}]}},"uagb_featured_image_src":{"full":false,"thumbnail":false,"medium":false,"medium_large":false,"large":false,"1536x1536":false,"2048x2048":false},"uagb_author_info":{"display_name":"Christophe Huget","author_link":"https:\/\/guest-safety.com\/nl\/author\/big-moustache\/"},"uagb_comment_info":0,"uagb_excerpt":"[vc_row el_class=&#8221;bloc-content&#8221;][vc_column][vc_column_text]Comment \u00e9tablir son plan interne d\u2019urgence ? R\u00e9daction et aide \u00e0 la r\u00e9daction du P.I.U. (Plan Interne d\u2019Urgence) Guest vous accompagne dans l\u2019\u00e9laboration de votre Plan Interne d\u2019urgence sur base des r\u00e9glementations d\u2019application pour votre activit\u00e9 et dans votre zone g\u00e9ographique. Nous travaillons en collaboration avec les Services Prevention des zones de secours de&hellip;","_links":{"self":[{"href":"https:\/\/guest-safety.com\/nl\/wp-json\/wp\/v2\/pages\/11395","targetHints":{"allow":["GET"]}}],"collection":[{"href":"https:\/\/guest-safety.com\/nl\/wp-json\/wp\/v2\/pages"}],"about":[{"href":"https:\/\/guest-safety.com\/nl\/wp-json\/wp\/v2\/types\/page"}],"author":[{"embeddable":true,"href":"https:\/\/guest-safety.com\/nl\/wp-json\/wp\/v2\/users\/4"}],"replies":[{"embeddable":true,"href":"https:\/\/guest-safety.com\/nl\/wp-json\/wp\/v2\/comments?post=11395"}],"version-history":[{"count":2,"href":"https:\/\/guest-safety.com\/nl\/wp-json\/wp\/v2\/pages\/11395\/revisions"}],"predecessor-version":[{"id":11397,"href":"https:\/\/guest-safety.com\/nl\/wp-json\/wp\/v2\/pages\/11395\/revisions\/11397"}],"up":[{"embeddable":true,"href":"https:\/\/guest-safety.com\/nl\/wp-json\/wp\/v2\/pages\/11310"}],"wp:attachment":[{"href":"https:\/\/guest-safety.com\/nl\/wp-json\/wp\/v2\/media?parent=11395"}],"wp:term":[{"taxonomy":"category","embeddable":true,"href":"https:\/\/guest-safety.com\/nl\/wp-json\/wp\/v2\/categories?post=11395"}],"curies":[{"name":"wp","href":"https:\/\/api.w.org\/{rel}","templated":true}]}}